{"id":949,"date":"2024-08-20T11:26:46","date_gmt":"2024-08-20T11:26:46","guid":{"rendered":"https:\/\/www.zeelandscreening.nl\/?page_id=949"},"modified":"2025-11-07T07:39:09","modified_gmt":"2025-11-07T07:39:09","slug":"os-nossos-servicos-produtos-e-metodo-de-trabalho","status":"publish","type":"page","link":"https:\/\/www.zeelandscreening.nl\/pt-pt\/os-nossos-servicos-produtos-e-metodo-de-trabalho\/","title":{"rendered":"Os nossos servi\u00e7os, produtos e m\u00e9todo de trabalho"},"content":{"rendered":"<h2>\u00c1rea de atua\u00e7\u00e3o<\/h2>\n<p>Estamos ativos no Benelux, Fran\u00e7a, Espanha, Portugal e Reino Unido. As instala\u00e7\u00f5es m\u00f3veis e a nossa flexibilidade permitem-nos prestar servi\u00e7os de forma eficiente em v\u00e1rios locais da Europa Ocidental.<\/p>\n<h2>O que fazemos<\/h2>\n<ul>\n<li>Manuseamento de material a granel no local<\/li>\n<li>Recondicionamento de lotes danificados<\/li>\n<li>Mistura de produtos a granel<\/li>\n<li>Crivagem (de 1000\u00a0\u00b5m a 400\u00a0mm)<\/li>\n<li>Arrefecimento e ventila\u00e7\u00e3o<\/li>\n<li>Separa\u00e7\u00e3o por ar<\/li>\n<li>Remo\u00e7\u00e3o de metais<\/li>\n<li>Monitoriza\u00e7\u00e3o da temperatura com relat\u00f3rio<\/li>\n<li>Controlo de qualidade com relat\u00f3rio<\/li>\n<\/ul>\n<h2>Produtos que tratamos<\/h2>\n<ul>\n<li>Produtos agr\u00edcolas a granel<\/li>\n<li>Pellets de madeira<\/li>\n<li>Mat\u00e9rias\u2011primas para fertilizantes<\/li>\n<li>Sucata<\/li>\n<li>Cinzas de fundo<\/li>\n<li>Pedra de enrocamento<\/li>\n<li>Areia e terra<\/li>\n<li>Outros produtos: contacte\u2011nos para explorar as possibilidades.<\/li>\n<\/ul>\n<h2>M\u00e9todo de trabalho<\/h2>\n<p>Trabalhamos sempre com instala\u00e7\u00f5es m\u00f3veis configuradas \u00e0 medida no local e adaptadas ao produto, ao processo e \u00e0 log\u00edstica do cliente. Acordos claros sobre conte\u00fado, planeamento e custos garantem total transpar\u00eancia.<\/p>\n<h2>Vantagens da nossa abordagem<\/h2>\n<p>As nossas instala\u00e7\u00f5es m\u00f3veis processam at\u00e9 800\u00a0t\/h e utilizam eficientemente o espa\u00e7o (at\u00e9 27% mais). Possibilidade de acumular grandes stocks (at\u00e9 100\u00a0000\u00a0t) com mistura homog\u00e9nea para minimizar quebras e perdas. Menos movimentos internos resultam em menos p\u00f3 e consumo de combust\u00edvel.<\/p>\n<h2>Do pedido \u00e0 execu\u00e7\u00e3o<\/h2>\n<p>Analisamos o seu pedido, avaliamos o produto e os objetivos e elaboramos um plano. Realizamos testes quando necess\u00e1rio e fornecemos um or\u00e7amento claro. Ap\u00f3s a aceita\u00e7\u00e3o, preparamos e planeamos as atividades.<\/p>\n","protected":false},"excerpt":{"rendered":"<p>\u00c1rea de atua\u00e7\u00e3o Estamos ativos no Benelux, Fran\u00e7a, Espanha, Portugal e Reino Unido. As instala\u00e7\u00f5es m\u00f3veis e a nossa flexibilidade permitem-nos prestar servi\u00e7os de forma eficiente em v\u00e1rios locais da Europa Ocidental. O que fazemos Manuseamento de material a granel no local Recondicionamento de lotes danificados Mistura de produtos a granel Crivagem (de 1000\u00a0\u00b5m a [&hellip;]<\/p>\n","protected":false},"author":2,"featured_media":951,"parent":0,"menu_order":0,"comment_status":"closed","ping_status":"closed","template":"","meta":{"_acf_changed":false,"footnotes":""},"class_list":["post-949","page","type-page","status-publish","has-post-thumbnail","hentry"],"acf":[],"yoast_head":"<!-- This site is optimized with the Yoast SEO plugin v26.3 - https:\/\/yoast.com\/wordpress\/plugins\/seo\/ -->\n<title>Os nossos servi\u00e7os, produtos e m\u00e9todo de trabalho - Zeeland Screening<\/title>\n<meta name=\"robots\" content=\"index, follow, max-snippet:-1, max-image-preview:large, max-video-preview:-1\" \/>\n<link rel=\"canonical\" href=\"https:\/\/www.zeelandscreening.nl\/pt-pt\/os-nossos-servicos-produtos-e-metodo-de-trabalho\/\" \/>\n<meta property=\"og:locale\" content=\"pt_PT\" \/>\n<meta property=\"og:type\" content=\"article\" \/>\n<meta property=\"og:title\" content=\"Os nossos servi\u00e7os, produtos e m\u00e9todo de trabalho - Zeeland Screening\" \/>\n<meta property=\"og:description\" content=\"\u00c1rea de atua\u00e7\u00e3o Estamos ativos no Benelux, Fran\u00e7a, Espanha, Portugal e Reino Unido. As instala\u00e7\u00f5es m\u00f3veis e a nossa flexibilidade permitem-nos prestar servi\u00e7os de forma eficiente em v\u00e1rios locais da Europa Ocidental. O que fazemos Manuseamento de material a granel no local Recondicionamento de lotes danificados Mistura de produtos a granel Crivagem (de 1000\u00a0\u00b5m a [&hellip;]\" \/>\n<meta property=\"og:url\" content=\"https:\/\/www.zeelandscreening.nl\/pt-pt\/os-nossos-servicos-produtos-e-metodo-de-trabalho\/\" \/>\n<meta property=\"og:site_name\" content=\"Zeeland Screening\" \/>\n<meta property=\"article:modified_time\" content=\"2025-11-07T07:39:09+00:00\" \/>\n<meta property=\"og:image\" content=\"https:\/\/www.zeelandscreening.nl\/wp-content\/uploads\/2025\/07\/Werkgebied-Zeeland-Screening.png\" \/>\n\t<meta property=\"og:image:width\" content=\"1024\" \/>\n\t<meta property=\"og:image:height\" content=\"1536\" \/>\n\t<meta property=\"og:image:type\" content=\"image\/png\" \/>\n<meta name=\"twitter:card\" content=\"summary_large_image\" \/>\n<meta name=\"twitter:label1\" content=\"Tempo estimado de leitura\" \/>\n\t<meta name=\"twitter:data1\" content=\"2 minutos\" \/>\n<script type=\"application\/ld+json\" class=\"yoast-schema-graph\">{\"@context\":\"https:\/\/schema.org\",\"@graph\":[{\"@type\":\"WebPage\",\"@id\":\"https:\/\/www.zeelandscreening.nl\/pt-pt\/os-nossos-servicos-produtos-e-metodo-de-trabalho\/\",\"url\":\"https:\/\/www.zeelandscreening.nl\/pt-pt\/os-nossos-servicos-produtos-e-metodo-de-trabalho\/\",\"name\":\"Os nossos servi\u00e7os, produtos e m\u00e9todo de trabalho - Zeeland Screening\",\"isPartOf\":{\"@id\":\"https:\/\/www.zeelandscreening.nl\/pt-pt\/#website\"},\"primaryImageOfPage\":{\"@id\":\"https:\/\/www.zeelandscreening.nl\/pt-pt\/os-nossos-servicos-produtos-e-metodo-de-trabalho\/#primaryimage\"},\"image\":{\"@id\":\"https:\/\/www.zeelandscreening.nl\/pt-pt\/os-nossos-servicos-produtos-e-metodo-de-trabalho\/#primaryimage\"},\"thumbnailUrl\":\"https:\/\/www.zeelandscreening.nl\/wp-content\/uploads\/2025\/07\/Werkgebied-Zeeland-Screening.png\",\"datePublished\":\"2024-08-20T11:26:46+00:00\",\"dateModified\":\"2025-11-07T07:39:09+00:00\",\"breadcrumb\":{\"@id\":\"https:\/\/www.zeelandscreening.nl\/pt-pt\/os-nossos-servicos-produtos-e-metodo-de-trabalho\/#breadcrumb\"},\"inLanguage\":\"pt-PT\",\"potentialAction\":[{\"@type\":\"ReadAction\",\"target\":[\"https:\/\/www.zeelandscreening.nl\/pt-pt\/os-nossos-servicos-produtos-e-metodo-de-trabalho\/\"]}]},{\"@type\":\"ImageObject\",\"inLanguage\":\"pt-PT\",\"@id\":\"https:\/\/www.zeelandscreening.nl\/pt-pt\/os-nossos-servicos-produtos-e-metodo-de-trabalho\/#primaryimage\",\"url\":\"https:\/\/www.zeelandscreening.nl\/wp-content\/uploads\/2025\/07\/Werkgebied-Zeeland-Screening.png\",\"contentUrl\":\"https:\/\/www.zeelandscreening.nl\/wp-content\/uploads\/2025\/07\/Werkgebied-Zeeland-Screening.png\",\"width\":1024,\"height\":1536},{\"@type\":\"BreadcrumbList\",\"@id\":\"https:\/\/www.zeelandscreening.nl\/pt-pt\/os-nossos-servicos-produtos-e-metodo-de-trabalho\/#breadcrumb\",\"itemListElement\":[{\"@type\":\"ListItem\",\"position\":1,\"name\":\"Home\",\"item\":\"https:\/\/www.zeelandscreening.nl\/pt-pt\/\"},{\"@type\":\"ListItem\",\"position\":2,\"name\":\"Os nossos servi\u00e7os, produtos e m\u00e9todo de trabalho\"}]},{\"@type\":\"WebSite\",\"@id\":\"https:\/\/www.zeelandscreening.nl\/pt-pt\/#website\",\"url\":\"https:\/\/www.zeelandscreening.nl\/pt-pt\/\",\"name\":\"Zeeland Screening\",\"description\":\"\",\"potentialAction\":[{\"@type\":\"SearchAction\",\"target\":{\"@type\":\"EntryPoint\",\"urlTemplate\":\"https:\/\/www.zeelandscreening.nl\/pt-pt\/?s={search_term_string}\"},\"query-input\":{\"@type\":\"PropertyValueSpecification\",\"valueRequired\":true,\"valueName\":\"search_term_string\"}}],\"inLanguage\":\"pt-PT\"}]}<\/script>\n<!-- \/ Yoast SEO plugin. -->","yoast_head_json":{"title":"Os nossos servi\u00e7os, produtos e m\u00e9todo de trabalho - Zeeland Screening","robots":{"index":"index","follow":"follow","max-snippet":"max-snippet:-1","max-image-preview":"max-image-preview:large","max-video-preview":"max-video-preview:-1"},"canonical":"https:\/\/www.zeelandscreening.nl\/pt-pt\/os-nossos-servicos-produtos-e-metodo-de-trabalho\/","og_locale":"pt_PT","og_type":"article","og_title":"Os nossos servi\u00e7os, produtos e m\u00e9todo de trabalho - Zeeland Screening","og_description":"\u00c1rea de atua\u00e7\u00e3o Estamos ativos no Benelux, Fran\u00e7a, Espanha, Portugal e Reino Unido. As instala\u00e7\u00f5es m\u00f3veis e a nossa flexibilidade permitem-nos prestar servi\u00e7os de forma eficiente em v\u00e1rios locais da Europa Ocidental. O que fazemos Manuseamento de material a granel no local Recondicionamento de lotes danificados Mistura de produtos a granel Crivagem (de 1000\u00a0\u00b5m a [&hellip;]","og_url":"https:\/\/www.zeelandscreening.nl\/pt-pt\/os-nossos-servicos-produtos-e-metodo-de-trabalho\/","og_site_name":"Zeeland Screening","article_modified_time":"2025-11-07T07:39:09+00:00","og_image":[{"width":1024,"height":1536,"url":"https:\/\/www.zeelandscreening.nl\/wp-content\/uploads\/2025\/07\/Werkgebied-Zeeland-Screening.png","type":"image\/png"}],"twitter_card":"summary_large_image","twitter_misc":{"Tempo estimado de leitura":"2 minutos"},"schema":{"@context":"https:\/\/schema.org","@graph":[{"@type":"WebPage","@id":"https:\/\/www.zeelandscreening.nl\/pt-pt\/os-nossos-servicos-produtos-e-metodo-de-trabalho\/","url":"https:\/\/www.zeelandscreening.nl\/pt-pt\/os-nossos-servicos-produtos-e-metodo-de-trabalho\/","name":"Os nossos servi\u00e7os, produtos e m\u00e9todo de trabalho - Zeeland Screening","isPartOf":{"@id":"https:\/\/www.zeelandscreening.nl\/pt-pt\/#website"},"primaryImageOfPage":{"@id":"https:\/\/www.zeelandscreening.nl\/pt-pt\/os-nossos-servicos-produtos-e-metodo-de-trabalho\/#primaryimage"},"image":{"@id":"https:\/\/www.zeelandscreening.nl\/pt-pt\/os-nossos-servicos-produtos-e-metodo-de-trabalho\/#primaryimage"},"thumbnailUrl":"https:\/\/www.zeelandscreening.nl\/wp-content\/uploads\/2025\/07\/Werkgebied-Zeeland-Screening.png","datePublished":"2024-08-20T11:26:46+00:00","dateModified":"2025-11-07T07:39:09+00:00","breadcrumb":{"@id":"https:\/\/www.zeelandscreening.nl\/pt-pt\/os-nossos-servicos-produtos-e-metodo-de-trabalho\/#breadcrumb"},"inLanguage":"pt-PT","potentialAction":[{"@type":"ReadAction","target":["https:\/\/www.zeelandscreening.nl\/pt-pt\/os-nossos-servicos-produtos-e-metodo-de-trabalho\/"]}]},{"@type":"ImageObject","inLanguage":"pt-PT","@id":"https:\/\/www.zeelandscreening.nl\/pt-pt\/os-nossos-servicos-produtos-e-metodo-de-trabalho\/#primaryimage","url":"https:\/\/www.zeelandscreening.nl\/wp-content\/uploads\/2025\/07\/Werkgebied-Zeeland-Screening.png","contentUrl":"https:\/\/www.zeelandscreening.nl\/wp-content\/uploads\/2025\/07\/Werkgebied-Zeeland-Screening.png","width":1024,"height":1536},{"@type":"BreadcrumbList","@id":"https:\/\/www.zeelandscreening.nl\/pt-pt\/os-nossos-servicos-produtos-e-metodo-de-trabalho\/#breadcrumb","itemListElement":[{"@type":"ListItem","position":1,"name":"Home","item":"https:\/\/www.zeelandscreening.nl\/pt-pt\/"},{"@type":"ListItem","position":2,"name":"Os nossos servi\u00e7os, produtos e m\u00e9todo de trabalho"}]},{"@type":"WebSite","@id":"https:\/\/www.zeelandscreening.nl\/pt-pt\/#website","url":"https:\/\/www.zeelandscreening.nl\/pt-pt\/","name":"Zeeland Screening","description":"","potentialAction":[{"@type":"SearchAction","target":{"@type":"EntryPoint","urlTemplate":"https:\/\/www.zeelandscreening.nl\/pt-pt\/?s={search_term_string}"},"query-input":{"@type":"PropertyValueSpecification","valueRequired":true,"valueName":"search_term_string"}}],"inLanguage":"pt-PT"}]}},"_links":{"self":[{"href":"https:\/\/www.zeelandscreening.nl\/pt-pt\/wp-json\/wp\/v2\/pages\/949","targetHints":{"allow":["GET"]}}],"collection":[{"href":"https:\/\/www.zeelandscreening.nl\/pt-pt\/wp-json\/wp\/v2\/pages"}],"about":[{"href":"https:\/\/www.zeelandscreening.nl\/pt-pt\/wp-json\/wp\/v2\/types\/page"}],"author":[{"embeddable":true,"href":"https:\/\/www.zeelandscreening.nl\/pt-pt\/wp-json\/wp\/v2\/users\/2"}],"replies":[{"embeddable":true,"href":"https:\/\/www.zeelandscreening.nl\/pt-pt\/wp-json\/wp\/v2\/comments?post=949"}],"version-history":[{"count":2,"href":"https:\/\/www.zeelandscreening.nl\/pt-pt\/wp-json\/wp\/v2\/pages\/949\/revisions"}],"predecessor-version":[{"id":1186,"href":"https:\/\/www.zeelandscreening.nl\/pt-pt\/wp-json\/wp\/v2\/pages\/949\/revisions\/1186"}],"wp:featuredmedia":[{"embeddable":true,"href":"https:\/\/www.zeelandscreening.nl\/pt-pt\/wp-json\/wp\/v2\/media\/951"}],"wp:attachment":[{"href":"https:\/\/www.zeelandscreening.nl\/pt-pt\/wp-json\/wp\/v2\/media?parent=949"}],"curies":[{"name":"wp","href":"https:\/\/api.w.org\/{rel}","templated":true}]}}