{"id":928,"date":"2019-03-08T08:08:09","date_gmt":"2019-03-08T08:08:09","guid":{"rendered":"https:\/\/www.zeelandscreening.nl\/?page_id=928"},"modified":"2026-02-09T09:22:55","modified_gmt":"2026-02-09T09:22:55","slug":"pagina-principal","status":"publish","type":"page","link":"https:\/\/www.zeelandscreening.nl\/pt-pt\/","title":{"rendered":"P\u00e1gina principal"},"content":{"rendered":"<h1>Bem\u2011vindo \u00e0 Zeeland Screening<\/h1>\n<p>O seu parceiro no recondicionamento de mercadorias a granel.<\/p>\n<p>A Zeeland Screening\u00a0B.V. \u00e9 especialista em crivar, processar e transportar mercadorias a granel desde setembro de 2021. Tratamos uma grande variedade de materiais, desde fluxos org\u00e2nicos a produtos minerais e industriais como pellets de madeira, pedras de enrocamento, fertilizantes, sucata, fosfato, esc\u00f3rias, entulho, asfalto e produtos aprovados pela GMP. Oferecemos uma abordagem fi\u00e1vel e eficiente para quase todos os tipos de material a granel. O nosso m\u00e9todo \u00e9 vers\u00e1til e tecnicamente s\u00f3lido: crivagem com v\u00e1rias malhas, ensacamento, separa\u00e7\u00e3o ou mistura de fluxos e tratamentos adicionais como lavagem, arrefecimento ou revestimento. Utilizamos tamb\u00e9m t\u00e9cnicas de separa\u00e7\u00e3o por ar e \u00edmanes potentes conforme o material e o resultado pretendido, melhorando a qualidade e reduzindo o desperd\u00edcio.<\/p>\n<h2>Solu\u00e7\u00f5es personalizadas para cargas danificadas<\/h2>\n<p>Al\u00e9m dos projetos padr\u00e3o, tratamos cargas danificadas num processo de A a Z: diagn\u00f3stico, solu\u00e7\u00e3o, mobiliza\u00e7\u00e3o de pessoal e m\u00e1quinas e controlo de qualidade por entidade independente. Aplicamos um pre\u00e7o fixo por tonelada para garantir transpar\u00eancia.<\/p>\n<h2>Preservar mat\u00e9rias\u2011primas, reduzir o impacto<\/h2>\n<p>Removemos eficazmente os contaminantes para que as mat\u00e9rias\u2011primas continuem utiliz\u00e1veis, ajudando os nossos clientes a reduzir res\u00edduos e a sua pegada ecol\u00f3gica.<\/p>\n<h2>Equipamentos flex\u00edveis, utiliza\u00e7\u00e3o inteligente<\/h2>\n<p>As nossas instala\u00e7\u00f5es m\u00f3veis incluem uma vasta gama de m\u00e1quinas: peneiras, correias, carregadoras e \u00edmanes potentes. Parte do nosso equipamento \u00e9 el\u00e9trico, reduzindo as emiss\u00f5es de CO\u2082 e melhorando a seguran\u00e7a e ergonomia. Sempre que poss\u00edvel, optamos por solu\u00e7\u00f5es el\u00e9tricas.<\/p>\n<h2>Efici\u00eancia em movimento<\/h2>\n<p>A integra\u00e7\u00e3o de correias transportadoras atr\u00e1s das peneiras minimiza o transporte interno com equipamentos pesados. Esta configura\u00e7\u00e3o eficiente reduz o consumo de combust\u00edvel, as emiss\u00f5es e os danos e proporciona uma mistura homog\u00e9nea de materiais.<\/p>\n<h2>A seguran\u00e7a \u00e9 fundamental<\/h2>\n<p>A seguran\u00e7a \u00e9 um pilar na Zeeland Screening. Trabalhamos de acordo com o certificado VCA e oferecemos forma\u00e7\u00e3o cont\u00ednua para garantir um ambiente de trabalho seguro e profissional.<\/p>\n","protected":false},"excerpt":{"rendered":"<p>Bem\u2011vindo \u00e0 Zeeland Screening O seu parceiro no recondicionamento de mercadorias a granel. A Zeeland Screening\u00a0B.V. \u00e9 especialista em crivar, processar e transportar mercadorias a granel desde setembro de 2021. Tratamos uma grande variedade de materiais, desde fluxos org\u00e2nicos a produtos minerais e industriais como pellets de madeira, pedras de enrocamento, fertilizantes, sucata, fosfato, esc\u00f3rias, [&hellip;]<\/p>\n","protected":false},"author":2,"featured_media":937,"parent":0,"menu_order":0,"comment_status":"closed","ping_status":"closed","template":"","meta":{"_acf_changed":false,"footnotes":""},"class_list":["post-928","page","type-page","status-publish","has-post-thumbnail","hentry"],"acf":[],"yoast_head":"<!-- This site is optimized with the Yoast SEO plugin v26.3 - https:\/\/yoast.com\/wordpress\/plugins\/seo\/ -->\n<title>P\u00e1gina principal - Zeeland Screening<\/title>\n<meta name=\"robots\" content=\"index, follow, max-snippet:-1, max-image-preview:large, max-video-preview:-1\" \/>\n<link rel=\"canonical\" href=\"https:\/\/www.zeelandscreening.nl\/pt-pt\/\" \/>\n<meta property=\"og:locale\" content=\"pt_PT\" \/>\n<meta property=\"og:type\" content=\"article\" \/>\n<meta property=\"og:title\" content=\"P\u00e1gina principal - Zeeland Screening\" \/>\n<meta property=\"og:description\" content=\"Bem\u2011vindo \u00e0 Zeeland Screening O seu parceiro no recondicionamento de mercadorias a granel. A Zeeland Screening\u00a0B.V. \u00e9 especialista em crivar, processar e transportar mercadorias a granel desde setembro de 2021. Tratamos uma grande variedade de materiais, desde fluxos org\u00e2nicos a produtos minerais e industriais como pellets de madeira, pedras de enrocamento, fertilizantes, sucata, fosfato, esc\u00f3rias, [&hellip;]\" \/>\n<meta property=\"og:url\" content=\"https:\/\/www.zeelandscreening.nl\/pt-pt\/\" \/>\n<meta property=\"og:site_name\" content=\"Zeeland Screening\" \/>\n<meta property=\"article:modified_time\" content=\"2026-02-09T09:22:55+00:00\" \/>\n<meta property=\"og:image\" content=\"https:\/\/www.zeelandscreening.nl\/wp-content\/uploads\/2024\/08\/berg-1.jpg\" \/>\n\t<meta property=\"og:image:width\" content=\"1200\" \/>\n\t<meta property=\"og:image:height\" content=\"1600\" \/>\n\t<meta property=\"og:image:type\" content=\"image\/jpeg\" \/>\n<meta name=\"twitter:card\" content=\"summary_large_image\" \/>\n<meta name=\"twitter:label1\" content=\"Tempo estimado de leitura\" \/>\n\t<meta name=\"twitter:data1\" content=\"2 minutos\" \/>\n<script type=\"application\/ld+json\" class=\"yoast-schema-graph\">{\"@context\":\"https:\/\/schema.org\",\"@graph\":[{\"@type\":\"WebPage\",\"@id\":\"https:\/\/www.zeelandscreening.nl\/pt-pt\/\",\"url\":\"https:\/\/www.zeelandscreening.nl\/pt-pt\/\",\"name\":\"P\u00e1gina principal - Zeeland Screening\",\"isPartOf\":{\"@id\":\"https:\/\/www.zeelandscreening.nl\/pt-pt\/#website\"},\"primaryImageOfPage\":{\"@id\":\"https:\/\/www.zeelandscreening.nl\/pt-pt\/#primaryimage\"},\"image\":{\"@id\":\"https:\/\/www.zeelandscreening.nl\/pt-pt\/#primaryimage\"},\"thumbnailUrl\":\"https:\/\/www.zeelandscreening.nl\/wp-content\/uploads\/2024\/08\/berg-1.jpg\",\"datePublished\":\"2019-03-08T08:08:09+00:00\",\"dateModified\":\"2026-02-09T09:22:55+00:00\",\"breadcrumb\":{\"@id\":\"https:\/\/www.zeelandscreening.nl\/pt-pt\/#breadcrumb\"},\"inLanguage\":\"pt-PT\",\"potentialAction\":[{\"@type\":\"ReadAction\",\"target\":[\"https:\/\/www.zeelandscreening.nl\/pt-pt\/\"]}]},{\"@type\":\"ImageObject\",\"inLanguage\":\"pt-PT\",\"@id\":\"https:\/\/www.zeelandscreening.nl\/pt-pt\/#primaryimage\",\"url\":\"https:\/\/www.zeelandscreening.nl\/wp-content\/uploads\/2024\/08\/berg-1.jpg\",\"contentUrl\":\"https:\/\/www.zeelandscreening.nl\/wp-content\/uploads\/2024\/08\/berg-1.jpg\",\"width\":1200,\"height\":1600},{\"@type\":\"BreadcrumbList\",\"@id\":\"https:\/\/www.zeelandscreening.nl\/pt-pt\/#breadcrumb\",\"itemListElement\":[{\"@type\":\"ListItem\",\"position\":1,\"name\":\"Home\",\"item\":\"https:\/\/www.zeelandscreening.nl\/pt-pt\/\"},{\"@type\":\"ListItem\",\"position\":2,\"name\":\"P\u00e1gina principal\"}]},{\"@type\":\"WebSite\",\"@id\":\"https:\/\/www.zeelandscreening.nl\/pt-pt\/#website\",\"url\":\"https:\/\/www.zeelandscreening.nl\/pt-pt\/\",\"name\":\"Zeeland Screening\",\"description\":\"\",\"potentialAction\":[{\"@type\":\"SearchAction\",\"target\":{\"@type\":\"EntryPoint\",\"urlTemplate\":\"https:\/\/www.zeelandscreening.nl\/pt-pt\/?s={search_term_string}\"},\"query-input\":{\"@type\":\"PropertyValueSpecification\",\"valueRequired\":true,\"valueName\":\"search_term_string\"}}],\"inLanguage\":\"pt-PT\"}]}<\/script>\n<!-- \/ Yoast SEO plugin. -->","yoast_head_json":{"title":"P\u00e1gina principal - Zeeland Screening","robots":{"index":"index","follow":"follow","max-snippet":"max-snippet:-1","max-image-preview":"max-image-preview:large","max-video-preview":"max-video-preview:-1"},"canonical":"https:\/\/www.zeelandscreening.nl\/pt-pt\/","og_locale":"pt_PT","og_type":"article","og_title":"P\u00e1gina principal - Zeeland Screening","og_description":"Bem\u2011vindo \u00e0 Zeeland Screening O seu parceiro no recondicionamento de mercadorias a granel. A Zeeland Screening\u00a0B.V. \u00e9 especialista em crivar, processar e transportar mercadorias a granel desde setembro de 2021. Tratamos uma grande variedade de materiais, desde fluxos org\u00e2nicos a produtos minerais e industriais como pellets de madeira, pedras de enrocamento, fertilizantes, sucata, fosfato, esc\u00f3rias, [&hellip;]","og_url":"https:\/\/www.zeelandscreening.nl\/pt-pt\/","og_site_name":"Zeeland Screening","article_modified_time":"2026-02-09T09:22:55+00:00","og_image":[{"width":1200,"height":1600,"url":"https:\/\/www.zeelandscreening.nl\/wp-content\/uploads\/2024\/08\/berg-1.jpg","type":"image\/jpeg"}],"twitter_card":"summary_large_image","twitter_misc":{"Tempo estimado de leitura":"2 minutos"},"schema":{"@context":"https:\/\/schema.org","@graph":[{"@type":"WebPage","@id":"https:\/\/www.zeelandscreening.nl\/pt-pt\/","url":"https:\/\/www.zeelandscreening.nl\/pt-pt\/","name":"P\u00e1gina principal - Zeeland Screening","isPartOf":{"@id":"https:\/\/www.zeelandscreening.nl\/pt-pt\/#website"},"primaryImageOfPage":{"@id":"https:\/\/www.zeelandscreening.nl\/pt-pt\/#primaryimage"},"image":{"@id":"https:\/\/www.zeelandscreening.nl\/pt-pt\/#primaryimage"},"thumbnailUrl":"https:\/\/www.zeelandscreening.nl\/wp-content\/uploads\/2024\/08\/berg-1.jpg","datePublished":"2019-03-08T08:08:09+00:00","dateModified":"2026-02-09T09:22:55+00:00","breadcrumb":{"@id":"https:\/\/www.zeelandscreening.nl\/pt-pt\/#breadcrumb"},"inLanguage":"pt-PT","potentialAction":[{"@type":"ReadAction","target":["https:\/\/www.zeelandscreening.nl\/pt-pt\/"]}]},{"@type":"ImageObject","inLanguage":"pt-PT","@id":"https:\/\/www.zeelandscreening.nl\/pt-pt\/#primaryimage","url":"https:\/\/www.zeelandscreening.nl\/wp-content\/uploads\/2024\/08\/berg-1.jpg","contentUrl":"https:\/\/www.zeelandscreening.nl\/wp-content\/uploads\/2024\/08\/berg-1.jpg","width":1200,"height":1600},{"@type":"BreadcrumbList","@id":"https:\/\/www.zeelandscreening.nl\/pt-pt\/#breadcrumb","itemListElement":[{"@type":"ListItem","position":1,"name":"Home","item":"https:\/\/www.zeelandscreening.nl\/pt-pt\/"},{"@type":"ListItem","position":2,"name":"P\u00e1gina principal"}]},{"@type":"WebSite","@id":"https:\/\/www.zeelandscreening.nl\/pt-pt\/#website","url":"https:\/\/www.zeelandscreening.nl\/pt-pt\/","name":"Zeeland Screening","description":"","potentialAction":[{"@type":"SearchAction","target":{"@type":"EntryPoint","urlTemplate":"https:\/\/www.zeelandscreening.nl\/pt-pt\/?s={search_term_string}"},"query-input":{"@type":"PropertyValueSpecification","valueRequired":true,"valueName":"search_term_string"}}],"inLanguage":"pt-PT"}]}},"_links":{"self":[{"href":"https:\/\/www.zeelandscreening.nl\/pt-pt\/wp-json\/wp\/v2\/pages\/928","targetHints":{"allow":["GET"]}}],"collection":[{"href":"https:\/\/www.zeelandscreening.nl\/pt-pt\/wp-json\/wp\/v2\/pages"}],"about":[{"href":"https:\/\/www.zeelandscreening.nl\/pt-pt\/wp-json\/wp\/v2\/types\/page"}],"author":[{"embeddable":true,"href":"https:\/\/www.zeelandscreening.nl\/pt-pt\/wp-json\/wp\/v2\/users\/2"}],"replies":[{"embeddable":true,"href":"https:\/\/www.zeelandscreening.nl\/pt-pt\/wp-json\/wp\/v2\/comments?post=928"}],"version-history":[{"count":4,"href":"https:\/\/www.zeelandscreening.nl\/pt-pt\/wp-json\/wp\/v2\/pages\/928\/revisions"}],"predecessor-version":[{"id":1276,"href":"https:\/\/www.zeelandscreening.nl\/pt-pt\/wp-json\/wp\/v2\/pages\/928\/revisions\/1276"}],"wp:featuredmedia":[{"embeddable":true,"href":"https:\/\/www.zeelandscreening.nl\/pt-pt\/wp-json\/wp\/v2\/media\/937"}],"wp:attachment":[{"href":"https:\/\/www.zeelandscreening.nl\/pt-pt\/wp-json\/wp\/v2\/media?parent=928"}],"curies":[{"name":"wp","href":"https:\/\/api.w.org\/{rel}","templated":true}]}}