{"id":1002,"date":"2019-03-08T08:09:03","date_gmt":"2019-03-08T08:09:03","guid":{"rendered":"https:\/\/www.zeelandscreening.nl\/?page_id=1002"},"modified":"2025-11-06T10:33:18","modified_gmt":"2025-11-06T10:33:18","slug":"declaracao-de-privacidade","status":"publish","type":"page","link":"https:\/\/www.zeelandscreening.nl\/pt-pt\/declaracao-de-privacidade\/","title":{"rendered":"Declara\u00e7\u00e3o de privacidade"},"content":{"rendered":"<h1>Declara\u00e7\u00e3o de privacidade<\/h1>\n<p>Caro visitante, obrigado por visitar o nosso site e fornecer informa\u00e7\u00f5es atrav\u00e9s do formul\u00e1rio de contacto, de inscri\u00e7\u00e3o e\/ou de encomenda. Gostar\u00edamos de mostrar que tratamos os seus dados com cuidado.<\/p>\n<p><strong>Quem somos n\u00f3s?<\/strong> A Zeeland Screening\u00a0B.V., localizada na Lange\u00a0Reksestraat\u00a016, 4538\u00a0AZ\u00a0Terneuzen, \u00e9 respons\u00e1vel pelo tratamento de dados pessoais. Os nossos dados de contacto\u00a0s\u00e3o: Zeeland Screening\u00a0B.V., Lange\u00a0Reksestraat\u00a016, 4538\u00a0AZ\u00a0Terneuzen, n\u00famero de telefone\u00a0+31\u00a0(0)85\u00a0130\u00a06898, e\u2011mail\u00a0info@zeelandscreening.nl, n\u00famero da C\u00e2mara de Com\u00e9rcio\u00a083826351, n\u00famero de IVA\u00a0NL863002195B01, RSIN\u00a0863002195.<\/p>\n<p><strong>Por que recolhemos dados pessoais?<\/strong> A Zeeland Screening\u00a0B.V. processa os seus dados pessoais porque, enquanto visitante, utiliza os nossos servi\u00e7os e\/ou porque nos fornece esses dados. Processamos, entre outros: nome e apelido, endere\u00e7o, c\u00f3digo postal, localidade, n\u00famero de telefone (m\u00f3vel), n\u00famero de telefone, endere\u00e7o de e\u2011mail, outros dados pessoais que nos fornece ativamente (por exemplo, ao criar um perfil, na correspond\u00eancia ou por telefone), dados sobre as suas atividades no nosso site e o tipo de navegador e dispositivo.<\/p>\n<p><strong>Com que finalidade e com que base processamos dados pessoais?<\/strong> A Zeeland Screening\u00a0B.V. processa os seus dados pessoais para os seguintes fins: processar o seu pagamento e\/ou executar o contrato; entregar bens e\/ou servi\u00e7os; enviar a nossa newsletter; poder contact\u00e1\u2011lo por telefone ou e\u2011mail quando necess\u00e1rio para prestar os nossos servi\u00e7os. A Zeeland Screening\u00a0B.V. tamb\u00e9m processa dados pessoais se formos legalmente obrigados a faz\u00ea\u2011lo.<\/p>\n<p><strong>Os seus dados s\u00e3o utilizados para decis\u00f5es automatizadas (como a cria\u00e7\u00e3o de perfis)?<\/strong> N\u00e3o, n\u00e3o fazemos isso.<\/p>\n<p><strong>Durante quanto tempo conservamos os dados pessoais?<\/strong> Os seus dados pessoais s\u00e3o conservados durante o tempo necess\u00e1rio para a execu\u00e7\u00e3o de um contrato e\/ou media\u00e7\u00e3o, respeitando os prazos legais. Quando n\u00e3o existe contrato ou media\u00e7\u00e3o, conservamos os seus dados durante oito semanas e, em seguida, eliminamo\u2011los.<\/p>\n<p><strong>Partilha de dados pessoais com terceiros<\/strong> A Zeeland Screening\u00a0B.V. fornece os seus dados a terceiros apenas se tal for necess\u00e1rio para a execu\u00e7\u00e3o do nosso contrato consigo ou para cumprir uma obriga\u00e7\u00e3o legal.<\/p>\n<p><strong>Os seus dados pessoais s\u00e3o tratados fora da UE?<\/strong> N\u00e3o, processamos os seus dados apenas dentro da Uni\u00e3o Europeia e, tanto quanto poss\u00edvel, nos Pa\u00edses Baixos.<\/p>\n<p><strong>Cookies<\/strong> Utilizamos cookies. Um cookie \u00e9 um ficheiro que o nosso site (servidor) coloca no seu computador, tablet ou telefone quando visita este site. Ao continuar a visita, clicar em links ou partes, ou navegar de qualquer forma neste site, d\u00e1 o seu consentimento ativo para a coloca\u00e7\u00e3o de cookies para as finalidades estabelecidas nesta pol\u00edtica de privacidade. Se n\u00e3o concordar, pode eliminar os cookies do seu navegador ou configurar o seu navegador para n\u00e3o aceitar cookies automaticamente. Dependendo das configura\u00e7\u00f5es do seu navegador, o nosso site pode funcionar menos bem. Por isso aconselhamos a deixar os cookies ativados para tirar o m\u00e1ximo proveito do nosso site.<\/p>\n<p><strong>Que cookies este site utiliza?<\/strong><\/p>\n<ul>\n<li><strong>Cookies funcionais<\/strong>\u2013 Estes cookies tornam partes dos nossos sites mais f\u00e1ceis de usar, por exemplo, para que n\u00e3o tenha de preencher ou clicar sempre nas mesmas coisas. Reconhece estes cookies pelo nome\u00a0PHPSESSID.<\/li>\n<li><strong>Cookies anal\u00edticos<\/strong>\u2013 Google\u00a0Analytics\u00a0: reconhece estes cookies pelos nomes _ga, _gat, _utma, _utmb, _utmc, _utmv ou _utmz. Pode consultar a pol\u00edtica de privacidade do Google em\u00a0https:\/\/www.google.com\/policies\/privacy\/.<\/li>\n<\/ul>\n<p><strong>Direito de acesso, retifica\u00e7\u00e3o, elimina\u00e7\u00e3o e outros direitos<\/strong> Pode contactar\u2011nos atrav\u00e9s de\u00a0info@zeelandscreening.nl. Trataremos o seu pedido no prazo legal de 30\u00a0dias. Para uma reclama\u00e7\u00e3o, pode dirigir\u2011se \u00e0 Autoridade Holandesa para a Prote\u00e7\u00e3o de Dados em\u00a0https:\/\/autoriteitpersoonsgegevens.nl. Para verificar a sua identidade, pedimos\u2011lhe que envie uma c\u00f3pia do seu documento de identifica\u00e7\u00e3o, ocultando a fotografia e dados confidenciais (zona MRZ, n\u00famero do passaporte e n\u00famero BSN\/Seguran\u00e7a Social\/Contribuinte).<\/p>\n<p><strong>Como protegemos os dados pessoais<\/strong> A Zeeland Screening B.V. leva a prote\u00e7\u00e3o dos seus dados muito a s\u00e9rio e adota medidas t\u00e9cnicas e organizacionais adequadas para evitar uso indevido, perda, acesso n\u00e3o autorizado, divulga\u00e7\u00e3o indesejada e altera\u00e7\u00e3o n\u00e3o autorizada. Se tiver a impress\u00e3o de que os seus dados n\u00e3o est\u00e3o suficientemente protegidos ou se houver ind\u00edcios de abuso, contacte-nos atrav\u00e9s de info@zeelandscreening.nl<\/p>\n","protected":false},"excerpt":{"rendered":"<p>Declara\u00e7\u00e3o de privacidade Caro visitante, obrigado por visitar o nosso site e fornecer informa\u00e7\u00f5es atrav\u00e9s do formul\u00e1rio de contacto, de inscri\u00e7\u00e3o e\/ou de encomenda. Gostar\u00edamos de mostrar que tratamos os seus dados com cuidado. Quem somos n\u00f3s? A Zeeland Screening\u00a0B.V., localizada na Lange\u00a0Reksestraat\u00a016, 4538\u00a0AZ\u00a0Terneuzen, \u00e9 respons\u00e1vel pelo tratamento de dados pessoais. Os nossos dados de [&hellip;]<\/p>\n","protected":false},"author":2,"featured_media":0,"parent":0,"menu_order":0,"comment_status":"closed","ping_status":"closed","template":"","meta":{"_acf_changed":false,"footnotes":""},"class_list":["post-1002","page","type-page","status-publish","hentry"],"acf":[],"yoast_head":"<!-- This site is optimized with the Yoast SEO plugin v26.3 - https:\/\/yoast.com\/wordpress\/plugins\/seo\/ -->\n<title>Declara\u00e7\u00e3o de privacidade - Zeeland Screening<\/title>\n<meta name=\"robots\" content=\"index, follow, max-snippet:-1, max-image-preview:large, max-video-preview:-1\" \/>\n<link rel=\"canonical\" href=\"https:\/\/www.zeelandscreening.nl\/pt-pt\/declaracao-de-privacidade\/\" \/>\n<meta property=\"og:locale\" content=\"pt_PT\" \/>\n<meta property=\"og:type\" content=\"article\" \/>\n<meta property=\"og:title\" content=\"Declara\u00e7\u00e3o de privacidade - Zeeland Screening\" \/>\n<meta property=\"og:description\" content=\"Declara\u00e7\u00e3o de privacidade Caro visitante, obrigado por visitar o nosso site e fornecer informa\u00e7\u00f5es atrav\u00e9s do formul\u00e1rio de contacto, de inscri\u00e7\u00e3o e\/ou de encomenda. Gostar\u00edamos de mostrar que tratamos os seus dados com cuidado. Quem somos n\u00f3s? A Zeeland Screening\u00a0B.V., localizada na Lange\u00a0Reksestraat\u00a016, 4538\u00a0AZ\u00a0Terneuzen, \u00e9 respons\u00e1vel pelo tratamento de dados pessoais. Os nossos dados de [&hellip;]\" \/>\n<meta property=\"og:url\" content=\"https:\/\/www.zeelandscreening.nl\/pt-pt\/declaracao-de-privacidade\/\" \/>\n<meta property=\"og:site_name\" content=\"Zeeland Screening\" \/>\n<meta property=\"article:modified_time\" content=\"2025-11-06T10:33:18+00:00\" \/>\n<meta name=\"twitter:card\" content=\"summary_large_image\" \/>\n<meta name=\"twitter:label1\" content=\"Tempo estimado de leitura\" \/>\n\t<meta name=\"twitter:data1\" content=\"4 minutos\" \/>\n<script type=\"application\/ld+json\" class=\"yoast-schema-graph\">{\"@context\":\"https:\/\/schema.org\",\"@graph\":[{\"@type\":\"WebPage\",\"@id\":\"https:\/\/www.zeelandscreening.nl\/pt-pt\/declaracao-de-privacidade\/\",\"url\":\"https:\/\/www.zeelandscreening.nl\/pt-pt\/declaracao-de-privacidade\/\",\"name\":\"Declara\u00e7\u00e3o de privacidade - Zeeland Screening\",\"isPartOf\":{\"@id\":\"https:\/\/www.zeelandscreening.nl\/pt-pt\/#website\"},\"datePublished\":\"2019-03-08T08:09:03+00:00\",\"dateModified\":\"2025-11-06T10:33:18+00:00\",\"breadcrumb\":{\"@id\":\"https:\/\/www.zeelandscreening.nl\/pt-pt\/declaracao-de-privacidade\/#breadcrumb\"},\"inLanguage\":\"pt-PT\",\"potentialAction\":[{\"@type\":\"ReadAction\",\"target\":[\"https:\/\/www.zeelandscreening.nl\/pt-pt\/declaracao-de-privacidade\/\"]}]},{\"@type\":\"BreadcrumbList\",\"@id\":\"https:\/\/www.zeelandscreening.nl\/pt-pt\/declaracao-de-privacidade\/#breadcrumb\",\"itemListElement\":[{\"@type\":\"ListItem\",\"position\":1,\"name\":\"Home\",\"item\":\"https:\/\/www.zeelandscreening.nl\/pt-pt\/\"},{\"@type\":\"ListItem\",\"position\":2,\"name\":\"Declara\u00e7\u00e3o de privacidade\"}]},{\"@type\":\"WebSite\",\"@id\":\"https:\/\/www.zeelandscreening.nl\/pt-pt\/#website\",\"url\":\"https:\/\/www.zeelandscreening.nl\/pt-pt\/\",\"name\":\"Zeeland Screening\",\"description\":\"\",\"potentialAction\":[{\"@type\":\"SearchAction\",\"target\":{\"@type\":\"EntryPoint\",\"urlTemplate\":\"https:\/\/www.zeelandscreening.nl\/pt-pt\/?s={search_term_string}\"},\"query-input\":{\"@type\":\"PropertyValueSpecification\",\"valueRequired\":true,\"valueName\":\"search_term_string\"}}],\"inLanguage\":\"pt-PT\"}]}<\/script>\n<!-- \/ Yoast SEO plugin. -->","yoast_head_json":{"title":"Declara\u00e7\u00e3o de privacidade - Zeeland Screening","robots":{"index":"index","follow":"follow","max-snippet":"max-snippet:-1","max-image-preview":"max-image-preview:large","max-video-preview":"max-video-preview:-1"},"canonical":"https:\/\/www.zeelandscreening.nl\/pt-pt\/declaracao-de-privacidade\/","og_locale":"pt_PT","og_type":"article","og_title":"Declara\u00e7\u00e3o de privacidade - Zeeland Screening","og_description":"Declara\u00e7\u00e3o de privacidade Caro visitante, obrigado por visitar o nosso site e fornecer informa\u00e7\u00f5es atrav\u00e9s do formul\u00e1rio de contacto, de inscri\u00e7\u00e3o e\/ou de encomenda. Gostar\u00edamos de mostrar que tratamos os seus dados com cuidado. Quem somos n\u00f3s? A Zeeland Screening\u00a0B.V., localizada na Lange\u00a0Reksestraat\u00a016, 4538\u00a0AZ\u00a0Terneuzen, \u00e9 respons\u00e1vel pelo tratamento de dados pessoais. Os nossos dados de [&hellip;]","og_url":"https:\/\/www.zeelandscreening.nl\/pt-pt\/declaracao-de-privacidade\/","og_site_name":"Zeeland Screening","article_modified_time":"2025-11-06T10:33:18+00:00","twitter_card":"summary_large_image","twitter_misc":{"Tempo estimado de leitura":"4 minutos"},"schema":{"@context":"https:\/\/schema.org","@graph":[{"@type":"WebPage","@id":"https:\/\/www.zeelandscreening.nl\/pt-pt\/declaracao-de-privacidade\/","url":"https:\/\/www.zeelandscreening.nl\/pt-pt\/declaracao-de-privacidade\/","name":"Declara\u00e7\u00e3o de privacidade - Zeeland Screening","isPartOf":{"@id":"https:\/\/www.zeelandscreening.nl\/pt-pt\/#website"},"datePublished":"2019-03-08T08:09:03+00:00","dateModified":"2025-11-06T10:33:18+00:00","breadcrumb":{"@id":"https:\/\/www.zeelandscreening.nl\/pt-pt\/declaracao-de-privacidade\/#breadcrumb"},"inLanguage":"pt-PT","potentialAction":[{"@type":"ReadAction","target":["https:\/\/www.zeelandscreening.nl\/pt-pt\/declaracao-de-privacidade\/"]}]},{"@type":"BreadcrumbList","@id":"https:\/\/www.zeelandscreening.nl\/pt-pt\/declaracao-de-privacidade\/#breadcrumb","itemListElement":[{"@type":"ListItem","position":1,"name":"Home","item":"https:\/\/www.zeelandscreening.nl\/pt-pt\/"},{"@type":"ListItem","position":2,"name":"Declara\u00e7\u00e3o de privacidade"}]},{"@type":"WebSite","@id":"https:\/\/www.zeelandscreening.nl\/pt-pt\/#website","url":"https:\/\/www.zeelandscreening.nl\/pt-pt\/","name":"Zeeland Screening","description":"","potentialAction":[{"@type":"SearchAction","target":{"@type":"EntryPoint","urlTemplate":"https:\/\/www.zeelandscreening.nl\/pt-pt\/?s={search_term_string}"},"query-input":{"@type":"PropertyValueSpecification","valueRequired":true,"valueName":"search_term_string"}}],"inLanguage":"pt-PT"}]}},"_links":{"self":[{"href":"https:\/\/www.zeelandscreening.nl\/pt-pt\/wp-json\/wp\/v2\/pages\/1002","targetHints":{"allow":["GET"]}}],"collection":[{"href":"https:\/\/www.zeelandscreening.nl\/pt-pt\/wp-json\/wp\/v2\/pages"}],"about":[{"href":"https:\/\/www.zeelandscreening.nl\/pt-pt\/wp-json\/wp\/v2\/types\/page"}],"author":[{"embeddable":true,"href":"https:\/\/www.zeelandscreening.nl\/pt-pt\/wp-json\/wp\/v2\/users\/2"}],"replies":[{"embeddable":true,"href":"https:\/\/www.zeelandscreening.nl\/pt-pt\/wp-json\/wp\/v2\/comments?post=1002"}],"version-history":[{"count":1,"href":"https:\/\/www.zeelandscreening.nl\/pt-pt\/wp-json\/wp\/v2\/pages\/1002\/revisions"}],"predecessor-version":[{"id":1003,"href":"https:\/\/www.zeelandscreening.nl\/pt-pt\/wp-json\/wp\/v2\/pages\/1002\/revisions\/1003"}],"wp:attachment":[{"href":"https:\/\/www.zeelandscreening.nl\/pt-pt\/wp-json\/wp\/v2\/media?parent=1002"}],"curies":[{"name":"wp","href":"https:\/\/api.w.org\/{rel}","templated":true}]}}