{"id":989,"date":"2024-10-03T08:03:51","date_gmt":"2024-10-03T08:03:51","guid":{"rendered":"https:\/\/www.zeelandscreening.nl\/?page_id=989"},"modified":"2025-11-07T07:30:21","modified_gmt":"2025-11-07T07:30:21","slug":"nos-valeurs-fondamentales","status":"publish","type":"page","link":"https:\/\/www.zeelandscreening.nl\/fr\/nos-valeurs-fondamentales\/","title":{"rendered":"Nos valeurs fondamentales"},"content":{"rendered":"<h2>Travailler pour un avenir durable<\/h2>\n<p>Nous croyons en la force des solutions pratiques pour aider nos clients \u00e0 mettre en place des processus de transport et de traitement durables, avec des \u00e9quipements \u00e0 faibles \u00e9missions.<\/p>\n<h2>Responsable et transparent<\/h2>\n<p>Nous travaillons en \u00e9quipe avec le client, \u00e9tablissons des priorit\u00e9s et des solutions concr\u00e8tes et fixons des normes \u00e9lev\u00e9es pour nos fournisseurs, guid\u00e9s par notre code de conduite.<\/p>\n<h2>Moins d\u2019\u00e9missions, plus de contr\u00f4le<\/h2>\n<p>Nos techniques modernes r\u00e9duisent au minimum les \u00e9missions de poussi\u00e8re lors du chargement et du d\u00e9chargement de marchandises en vrac, garantissant ainsi un lieu de travail s\u00fbr.<\/p>\n","protected":false},"excerpt":{"rendered":"<p>Travailler pour un avenir durable Nous croyons en la force des solutions pratiques pour aider nos clients \u00e0 mettre en place des processus de transport et de traitement durables, avec des \u00e9quipements \u00e0 faibles \u00e9missions. Responsable et transparent Nous travaillons en \u00e9quipe avec le client, \u00e9tablissons des priorit\u00e9s et des solutions concr\u00e8tes et fixons des [&hellip;]<\/p>\n","protected":false},"author":2,"featured_media":975,"parent":0,"menu_order":0,"comment_status":"closed","ping_status":"closed","template":"","meta":{"_acf_changed":false,"footnotes":""},"class_list":["post-989","page","type-page","status-publish","has-post-thumbnail","hentry"],"acf":[],"yoast_head":"<!-- This site is optimized with the Yoast SEO plugin v26.3 - https:\/\/yoast.com\/wordpress\/plugins\/seo\/ -->\n<title>Nos valeurs fondamentales - Zeeland Screening<\/title>\n<meta name=\"robots\" content=\"index, follow, max-snippet:-1, max-image-preview:large, max-video-preview:-1\" \/>\n<link rel=\"canonical\" href=\"https:\/\/www.zeelandscreening.nl\/fr\/nos-valeurs-fondamentales\/\" \/>\n<meta property=\"og:locale\" content=\"fr_FR\" \/>\n<meta property=\"og:type\" content=\"article\" \/>\n<meta property=\"og:title\" content=\"Nos valeurs fondamentales - Zeeland Screening\" \/>\n<meta property=\"og:description\" content=\"Travailler pour un avenir durable Nous croyons en la force des solutions pratiques pour aider nos clients \u00e0 mettre en place des processus de transport et de traitement durables, avec des \u00e9quipements \u00e0 faibles \u00e9missions. Responsable et transparent Nous travaillons en \u00e9quipe avec le client, \u00e9tablissons des priorit\u00e9s et des solutions concr\u00e8tes et fixons des [&hellip;]\" \/>\n<meta property=\"og:url\" content=\"https:\/\/www.zeelandscreening.nl\/fr\/nos-valeurs-fondamentales\/\" \/>\n<meta property=\"og:site_name\" content=\"Zeeland Screening\" \/>\n<meta property=\"article:modified_time\" content=\"2025-11-07T07:30:21+00:00\" \/>\n<meta property=\"og:image\" content=\"https:\/\/www.zeelandscreening.nl\/wp-content\/uploads\/2024\/10\/reduce-reuse-recycle.jpg\" \/>\n\t<meta property=\"og:image:width\" content=\"660\" \/>\n\t<meta property=\"og:image:height\" content=\"673\" \/>\n\t<meta property=\"og:image:type\" content=\"image\/jpeg\" \/>\n<meta name=\"twitter:card\" content=\"summary_large_image\" \/>\n<meta name=\"twitter:label1\" content=\"Dur\u00e9e de lecture estim\u00e9e\" \/>\n\t<meta name=\"twitter:data1\" content=\"1 minute\" \/>\n<script type=\"application\/ld+json\" class=\"yoast-schema-graph\">{\"@context\":\"https:\/\/schema.org\",\"@graph\":[{\"@type\":\"WebPage\",\"@id\":\"https:\/\/www.zeelandscreening.nl\/fr\/nos-valeurs-fondamentales\/\",\"url\":\"https:\/\/www.zeelandscreening.nl\/fr\/nos-valeurs-fondamentales\/\",\"name\":\"Nos valeurs fondamentales - Zeeland Screening\",\"isPartOf\":{\"@id\":\"https:\/\/www.zeelandscreening.nl\/fr\/#website\"},\"primaryImageOfPage\":{\"@id\":\"https:\/\/www.zeelandscreening.nl\/fr\/nos-valeurs-fondamentales\/#primaryimage\"},\"image\":{\"@id\":\"https:\/\/www.zeelandscreening.nl\/fr\/nos-valeurs-fondamentales\/#primaryimage\"},\"thumbnailUrl\":\"https:\/\/www.zeelandscreening.nl\/wp-content\/uploads\/2024\/10\/reduce-reuse-recycle.jpg\",\"datePublished\":\"2024-10-03T08:03:51+00:00\",\"dateModified\":\"2025-11-07T07:30:21+00:00\",\"breadcrumb\":{\"@id\":\"https:\/\/www.zeelandscreening.nl\/fr\/nos-valeurs-fondamentales\/#breadcrumb\"},\"inLanguage\":\"fr-FR\",\"potentialAction\":[{\"@type\":\"ReadAction\",\"target\":[\"https:\/\/www.zeelandscreening.nl\/fr\/nos-valeurs-fondamentales\/\"]}]},{\"@type\":\"ImageObject\",\"inLanguage\":\"fr-FR\",\"@id\":\"https:\/\/www.zeelandscreening.nl\/fr\/nos-valeurs-fondamentales\/#primaryimage\",\"url\":\"https:\/\/www.zeelandscreening.nl\/wp-content\/uploads\/2024\/10\/reduce-reuse-recycle.jpg\",\"contentUrl\":\"https:\/\/www.zeelandscreening.nl\/wp-content\/uploads\/2024\/10\/reduce-reuse-recycle.jpg\",\"width\":660,\"height\":673},{\"@type\":\"BreadcrumbList\",\"@id\":\"https:\/\/www.zeelandscreening.nl\/fr\/nos-valeurs-fondamentales\/#breadcrumb\",\"itemListElement\":[{\"@type\":\"ListItem\",\"position\":1,\"name\":\"Home\",\"item\":\"https:\/\/www.zeelandscreening.nl\/fr\/\"},{\"@type\":\"ListItem\",\"position\":2,\"name\":\"Nos valeurs fondamentales\"}]},{\"@type\":\"WebSite\",\"@id\":\"https:\/\/www.zeelandscreening.nl\/fr\/#website\",\"url\":\"https:\/\/www.zeelandscreening.nl\/fr\/\",\"name\":\"Zeeland Screening\",\"description\":\"\",\"potentialAction\":[{\"@type\":\"SearchAction\",\"target\":{\"@type\":\"EntryPoint\",\"urlTemplate\":\"https:\/\/www.zeelandscreening.nl\/fr\/?s={search_term_string}\"},\"query-input\":{\"@type\":\"PropertyValueSpecification\",\"valueRequired\":true,\"valueName\":\"search_term_string\"}}],\"inLanguage\":\"fr-FR\"}]}<\/script>\n<!-- \/ Yoast SEO plugin. -->","yoast_head_json":{"title":"Nos valeurs fondamentales - Zeeland Screening","robots":{"index":"index","follow":"follow","max-snippet":"max-snippet:-1","max-image-preview":"max-image-preview:large","max-video-preview":"max-video-preview:-1"},"canonical":"https:\/\/www.zeelandscreening.nl\/fr\/nos-valeurs-fondamentales\/","og_locale":"fr_FR","og_type":"article","og_title":"Nos valeurs fondamentales - Zeeland Screening","og_description":"Travailler pour un avenir durable Nous croyons en la force des solutions pratiques pour aider nos clients \u00e0 mettre en place des processus de transport et de traitement durables, avec des \u00e9quipements \u00e0 faibles \u00e9missions. Responsable et transparent Nous travaillons en \u00e9quipe avec le client, \u00e9tablissons des priorit\u00e9s et des solutions concr\u00e8tes et fixons des [&hellip;]","og_url":"https:\/\/www.zeelandscreening.nl\/fr\/nos-valeurs-fondamentales\/","og_site_name":"Zeeland Screening","article_modified_time":"2025-11-07T07:30:21+00:00","og_image":[{"width":660,"height":673,"url":"https:\/\/www.zeelandscreening.nl\/wp-content\/uploads\/2024\/10\/reduce-reuse-recycle.jpg","type":"image\/jpeg"}],"twitter_card":"summary_large_image","twitter_misc":{"Dur\u00e9e de lecture estim\u00e9e":"1 minute"},"schema":{"@context":"https:\/\/schema.org","@graph":[{"@type":"WebPage","@id":"https:\/\/www.zeelandscreening.nl\/fr\/nos-valeurs-fondamentales\/","url":"https:\/\/www.zeelandscreening.nl\/fr\/nos-valeurs-fondamentales\/","name":"Nos valeurs fondamentales - Zeeland Screening","isPartOf":{"@id":"https:\/\/www.zeelandscreening.nl\/fr\/#website"},"primaryImageOfPage":{"@id":"https:\/\/www.zeelandscreening.nl\/fr\/nos-valeurs-fondamentales\/#primaryimage"},"image":{"@id":"https:\/\/www.zeelandscreening.nl\/fr\/nos-valeurs-fondamentales\/#primaryimage"},"thumbnailUrl":"https:\/\/www.zeelandscreening.nl\/wp-content\/uploads\/2024\/10\/reduce-reuse-recycle.jpg","datePublished":"2024-10-03T08:03:51+00:00","dateModified":"2025-11-07T07:30:21+00:00","breadcrumb":{"@id":"https:\/\/www.zeelandscreening.nl\/fr\/nos-valeurs-fondamentales\/#breadcrumb"},"inLanguage":"fr-FR","potentialAction":[{"@type":"ReadAction","target":["https:\/\/www.zeelandscreening.nl\/fr\/nos-valeurs-fondamentales\/"]}]},{"@type":"ImageObject","inLanguage":"fr-FR","@id":"https:\/\/www.zeelandscreening.nl\/fr\/nos-valeurs-fondamentales\/#primaryimage","url":"https:\/\/www.zeelandscreening.nl\/wp-content\/uploads\/2024\/10\/reduce-reuse-recycle.jpg","contentUrl":"https:\/\/www.zeelandscreening.nl\/wp-content\/uploads\/2024\/10\/reduce-reuse-recycle.jpg","width":660,"height":673},{"@type":"BreadcrumbList","@id":"https:\/\/www.zeelandscreening.nl\/fr\/nos-valeurs-fondamentales\/#breadcrumb","itemListElement":[{"@type":"ListItem","position":1,"name":"Home","item":"https:\/\/www.zeelandscreening.nl\/fr\/"},{"@type":"ListItem","position":2,"name":"Nos valeurs fondamentales"}]},{"@type":"WebSite","@id":"https:\/\/www.zeelandscreening.nl\/fr\/#website","url":"https:\/\/www.zeelandscreening.nl\/fr\/","name":"Zeeland Screening","description":"","potentialAction":[{"@type":"SearchAction","target":{"@type":"EntryPoint","urlTemplate":"https:\/\/www.zeelandscreening.nl\/fr\/?s={search_term_string}"},"query-input":{"@type":"PropertyValueSpecification","valueRequired":true,"valueName":"search_term_string"}}],"inLanguage":"fr-FR"}]}},"_links":{"self":[{"href":"https:\/\/www.zeelandscreening.nl\/fr\/wp-json\/wp\/v2\/pages\/989","targetHints":{"allow":["GET"]}}],"collection":[{"href":"https:\/\/www.zeelandscreening.nl\/fr\/wp-json\/wp\/v2\/pages"}],"about":[{"href":"https:\/\/www.zeelandscreening.nl\/fr\/wp-json\/wp\/v2\/types\/page"}],"author":[{"embeddable":true,"href":"https:\/\/www.zeelandscreening.nl\/fr\/wp-json\/wp\/v2\/users\/2"}],"replies":[{"embeddable":true,"href":"https:\/\/www.zeelandscreening.nl\/fr\/wp-json\/wp\/v2\/comments?post=989"}],"version-history":[{"count":2,"href":"https:\/\/www.zeelandscreening.nl\/fr\/wp-json\/wp\/v2\/pages\/989\/revisions"}],"predecessor-version":[{"id":1182,"href":"https:\/\/www.zeelandscreening.nl\/fr\/wp-json\/wp\/v2\/pages\/989\/revisions\/1182"}],"wp:featuredmedia":[{"embeddable":true,"href":"https:\/\/www.zeelandscreening.nl\/fr\/wp-json\/wp\/v2\/media\/975"}],"wp:attachment":[{"href":"https:\/\/www.zeelandscreening.nl\/fr\/wp-json\/wp\/v2\/media?parent=989"}],"curies":[{"name":"wp","href":"https:\/\/api.w.org\/{rel}","templated":true}]}}