{"id":959,"date":"2024-05-13T12:04:59","date_gmt":"2024-05-13T12:04:59","guid":{"rendered":"https:\/\/www.zeelandscreening.nl\/?page_id=959"},"modified":"2025-11-07T14:26:07","modified_gmt":"2025-11-07T14:26:07","slug":"a-propos-de-nous","status":"publish","type":"page","link":"https:\/\/www.zeelandscreening.nl\/fr\/a-propos-de-nous\/","title":{"rendered":"\u00c0 propos de nous"},"content":{"rendered":"<p><span style=\"font-size: 16px;\">Zeeland Screening se distingue par une approche pratique, fiable et cibl\u00e9e. Depuis 2021, nous sommes sp\u00e9cialis\u00e9s dans le traitement, le criblage et la manutention de vrac in-situ. Nous pensons en termes de solutions, respectons des accords clairs et assumons nos responsabilit\u00e9s. D\u00e8s le d\u00e9part, nous r\u00e9fl\u00e9chissons avec le client, avec comme souci premier la s\u00e9curit\u00e9, la durabilit\u00e9 et l\u2019efficacit\u00e9.<\/span><\/p>\n","protected":false},"excerpt":{"rendered":"<p>Zeeland Screening se distingue par une approche pratique, fiable et cibl\u00e9e. Depuis 2021, nous sommes sp\u00e9cialis\u00e9s dans le traitement, le criblage et la manutention de vrac in-situ. Nous pensons en termes de solutions, respectons des accords clairs et assumons nos responsabilit\u00e9s. D\u00e8s le d\u00e9part, nous r\u00e9fl\u00e9chissons avec le client, avec comme souci premier la s\u00e9curit\u00e9, [&hellip;]<\/p>\n","protected":false},"author":2,"featured_media":960,"parent":0,"menu_order":0,"comment_status":"closed","ping_status":"closed","template":"","meta":{"_acf_changed":false,"footnotes":""},"class_list":["post-959","page","type-page","status-publish","has-post-thumbnail","hentry"],"acf":[],"yoast_head":"<!-- This site is optimized with the Yoast SEO plugin v26.3 - https:\/\/yoast.com\/wordpress\/plugins\/seo\/ -->\n<title>\u00c0 propos de nous - Zeeland Screening<\/title>\n<meta name=\"robots\" content=\"index, follow, max-snippet:-1, max-image-preview:large, max-video-preview:-1\" \/>\n<link rel=\"canonical\" href=\"https:\/\/www.zeelandscreening.nl\/fr\/a-propos-de-nous\/\" \/>\n<meta property=\"og:locale\" content=\"fr_FR\" \/>\n<meta property=\"og:type\" content=\"article\" \/>\n<meta property=\"og:title\" content=\"\u00c0 propos de nous - Zeeland Screening\" \/>\n<meta property=\"og:description\" content=\"Zeeland Screening se distingue par une approche pratique, fiable et cibl\u00e9e. Depuis 2021, nous sommes sp\u00e9cialis\u00e9s dans le traitement, le criblage et la manutention de vrac in-situ. Nous pensons en termes de solutions, respectons des accords clairs et assumons nos responsabilit\u00e9s. D\u00e8s le d\u00e9part, nous r\u00e9fl\u00e9chissons avec le client, avec comme souci premier la s\u00e9curit\u00e9, [&hellip;]\" \/>\n<meta property=\"og:url\" content=\"https:\/\/www.zeelandscreening.nl\/fr\/a-propos-de-nous\/\" \/>\n<meta property=\"og:site_name\" content=\"Zeeland Screening\" \/>\n<meta property=\"article:modified_time\" content=\"2025-11-07T14:26:07+00:00\" \/>\n<meta property=\"og:image\" content=\"https:\/\/www.zeelandscreening.nl\/wp-content\/uploads\/2025\/07\/IMG-20250708-WA0083.jpg\" \/>\n\t<meta property=\"og:image:width\" content=\"1600\" \/>\n\t<meta property=\"og:image:height\" content=\"1200\" \/>\n\t<meta property=\"og:image:type\" content=\"image\/jpeg\" \/>\n<meta name=\"twitter:card\" content=\"summary_large_image\" \/>\n<meta name=\"twitter:label1\" content=\"Dur\u00e9e de lecture estim\u00e9e\" \/>\n\t<meta name=\"twitter:data1\" content=\"1 minute\" \/>\n<script type=\"application\/ld+json\" class=\"yoast-schema-graph\">{\"@context\":\"https:\/\/schema.org\",\"@graph\":[{\"@type\":\"WebPage\",\"@id\":\"https:\/\/www.zeelandscreening.nl\/fr\/a-propos-de-nous\/\",\"url\":\"https:\/\/www.zeelandscreening.nl\/fr\/a-propos-de-nous\/\",\"name\":\"\u00c0 propos de nous - Zeeland Screening\",\"isPartOf\":{\"@id\":\"https:\/\/www.zeelandscreening.nl\/fr\/#website\"},\"primaryImageOfPage\":{\"@id\":\"https:\/\/www.zeelandscreening.nl\/fr\/a-propos-de-nous\/#primaryimage\"},\"image\":{\"@id\":\"https:\/\/www.zeelandscreening.nl\/fr\/a-propos-de-nous\/#primaryimage\"},\"thumbnailUrl\":\"https:\/\/www.zeelandscreening.nl\/wp-content\/uploads\/2025\/07\/IMG-20250708-WA0083.jpg\",\"datePublished\":\"2024-05-13T12:04:59+00:00\",\"dateModified\":\"2025-11-07T14:26:07+00:00\",\"breadcrumb\":{\"@id\":\"https:\/\/www.zeelandscreening.nl\/fr\/a-propos-de-nous\/#breadcrumb\"},\"inLanguage\":\"fr-FR\",\"potentialAction\":[{\"@type\":\"ReadAction\",\"target\":[\"https:\/\/www.zeelandscreening.nl\/fr\/a-propos-de-nous\/\"]}]},{\"@type\":\"ImageObject\",\"inLanguage\":\"fr-FR\",\"@id\":\"https:\/\/www.zeelandscreening.nl\/fr\/a-propos-de-nous\/#primaryimage\",\"url\":\"https:\/\/www.zeelandscreening.nl\/wp-content\/uploads\/2025\/07\/IMG-20250708-WA0083.jpg\",\"contentUrl\":\"https:\/\/www.zeelandscreening.nl\/wp-content\/uploads\/2025\/07\/IMG-20250708-WA0083.jpg\",\"width\":1600,\"height\":1200},{\"@type\":\"BreadcrumbList\",\"@id\":\"https:\/\/www.zeelandscreening.nl\/fr\/a-propos-de-nous\/#breadcrumb\",\"itemListElement\":[{\"@type\":\"ListItem\",\"position\":1,\"name\":\"Home\",\"item\":\"https:\/\/www.zeelandscreening.nl\/fr\/\"},{\"@type\":\"ListItem\",\"position\":2,\"name\":\"\u00c0 propos de nous\"}]},{\"@type\":\"WebSite\",\"@id\":\"https:\/\/www.zeelandscreening.nl\/fr\/#website\",\"url\":\"https:\/\/www.zeelandscreening.nl\/fr\/\",\"name\":\"Zeeland Screening\",\"description\":\"\",\"potentialAction\":[{\"@type\":\"SearchAction\",\"target\":{\"@type\":\"EntryPoint\",\"urlTemplate\":\"https:\/\/www.zeelandscreening.nl\/fr\/?s={search_term_string}\"},\"query-input\":{\"@type\":\"PropertyValueSpecification\",\"valueRequired\":true,\"valueName\":\"search_term_string\"}}],\"inLanguage\":\"fr-FR\"}]}<\/script>\n<!-- \/ Yoast SEO plugin. -->","yoast_head_json":{"title":"\u00c0 propos de nous - Zeeland Screening","robots":{"index":"index","follow":"follow","max-snippet":"max-snippet:-1","max-image-preview":"max-image-preview:large","max-video-preview":"max-video-preview:-1"},"canonical":"https:\/\/www.zeelandscreening.nl\/fr\/a-propos-de-nous\/","og_locale":"fr_FR","og_type":"article","og_title":"\u00c0 propos de nous - Zeeland Screening","og_description":"Zeeland Screening se distingue par une approche pratique, fiable et cibl\u00e9e. Depuis 2021, nous sommes sp\u00e9cialis\u00e9s dans le traitement, le criblage et la manutention de vrac in-situ. Nous pensons en termes de solutions, respectons des accords clairs et assumons nos responsabilit\u00e9s. D\u00e8s le d\u00e9part, nous r\u00e9fl\u00e9chissons avec le client, avec comme souci premier la s\u00e9curit\u00e9, [&hellip;]","og_url":"https:\/\/www.zeelandscreening.nl\/fr\/a-propos-de-nous\/","og_site_name":"Zeeland Screening","article_modified_time":"2025-11-07T14:26:07+00:00","og_image":[{"width":1600,"height":1200,"url":"https:\/\/www.zeelandscreening.nl\/wp-content\/uploads\/2025\/07\/IMG-20250708-WA0083.jpg","type":"image\/jpeg"}],"twitter_card":"summary_large_image","twitter_misc":{"Dur\u00e9e de lecture estim\u00e9e":"1 minute"},"schema":{"@context":"https:\/\/schema.org","@graph":[{"@type":"WebPage","@id":"https:\/\/www.zeelandscreening.nl\/fr\/a-propos-de-nous\/","url":"https:\/\/www.zeelandscreening.nl\/fr\/a-propos-de-nous\/","name":"\u00c0 propos de nous - Zeeland Screening","isPartOf":{"@id":"https:\/\/www.zeelandscreening.nl\/fr\/#website"},"primaryImageOfPage":{"@id":"https:\/\/www.zeelandscreening.nl\/fr\/a-propos-de-nous\/#primaryimage"},"image":{"@id":"https:\/\/www.zeelandscreening.nl\/fr\/a-propos-de-nous\/#primaryimage"},"thumbnailUrl":"https:\/\/www.zeelandscreening.nl\/wp-content\/uploads\/2025\/07\/IMG-20250708-WA0083.jpg","datePublished":"2024-05-13T12:04:59+00:00","dateModified":"2025-11-07T14:26:07+00:00","breadcrumb":{"@id":"https:\/\/www.zeelandscreening.nl\/fr\/a-propos-de-nous\/#breadcrumb"},"inLanguage":"fr-FR","potentialAction":[{"@type":"ReadAction","target":["https:\/\/www.zeelandscreening.nl\/fr\/a-propos-de-nous\/"]}]},{"@type":"ImageObject","inLanguage":"fr-FR","@id":"https:\/\/www.zeelandscreening.nl\/fr\/a-propos-de-nous\/#primaryimage","url":"https:\/\/www.zeelandscreening.nl\/wp-content\/uploads\/2025\/07\/IMG-20250708-WA0083.jpg","contentUrl":"https:\/\/www.zeelandscreening.nl\/wp-content\/uploads\/2025\/07\/IMG-20250708-WA0083.jpg","width":1600,"height":1200},{"@type":"BreadcrumbList","@id":"https:\/\/www.zeelandscreening.nl\/fr\/a-propos-de-nous\/#breadcrumb","itemListElement":[{"@type":"ListItem","position":1,"name":"Home","item":"https:\/\/www.zeelandscreening.nl\/fr\/"},{"@type":"ListItem","position":2,"name":"\u00c0 propos de nous"}]},{"@type":"WebSite","@id":"https:\/\/www.zeelandscreening.nl\/fr\/#website","url":"https:\/\/www.zeelandscreening.nl\/fr\/","name":"Zeeland Screening","description":"","potentialAction":[{"@type":"SearchAction","target":{"@type":"EntryPoint","urlTemplate":"https:\/\/www.zeelandscreening.nl\/fr\/?s={search_term_string}"},"query-input":{"@type":"PropertyValueSpecification","valueRequired":true,"valueName":"search_term_string"}}],"inLanguage":"fr-FR"}]}},"_links":{"self":[{"href":"https:\/\/www.zeelandscreening.nl\/fr\/wp-json\/wp\/v2\/pages\/959","targetHints":{"allow":["GET"]}}],"collection":[{"href":"https:\/\/www.zeelandscreening.nl\/fr\/wp-json\/wp\/v2\/pages"}],"about":[{"href":"https:\/\/www.zeelandscreening.nl\/fr\/wp-json\/wp\/v2\/types\/page"}],"author":[{"embeddable":true,"href":"https:\/\/www.zeelandscreening.nl\/fr\/wp-json\/wp\/v2\/users\/2"}],"replies":[{"embeddable":true,"href":"https:\/\/www.zeelandscreening.nl\/fr\/wp-json\/wp\/v2\/comments?post=959"}],"version-history":[{"count":3,"href":"https:\/\/www.zeelandscreening.nl\/fr\/wp-json\/wp\/v2\/pages\/959\/revisions"}],"predecessor-version":[{"id":1259,"href":"https:\/\/www.zeelandscreening.nl\/fr\/wp-json\/wp\/v2\/pages\/959\/revisions\/1259"}],"wp:featuredmedia":[{"embeddable":true,"href":"https:\/\/www.zeelandscreening.nl\/fr\/wp-json\/wp\/v2\/media\/960"}],"wp:attachment":[{"href":"https:\/\/www.zeelandscreening.nl\/fr\/wp-json\/wp\/v2\/media?parent=959"}],"curies":[{"name":"wp","href":"https:\/\/api.w.org\/{rel}","templated":true}]}}