{"id":955,"date":"2024-08-07T07:27:49","date_gmt":"2024-08-07T07:27:49","guid":{"rendered":"https:\/\/www.zeelandscreening.nl\/?page_id=955"},"modified":"2025-11-07T07:40:00","modified_gmt":"2025-11-07T07:40:00","slug":"projets","status":"publish","type":"page","link":"https:\/\/www.zeelandscreening.nl\/fr\/projets\/","title":{"rendered":"Projets"},"content":{"rendered":"<p>Nous proposons des solutions sur mesure pour des projets \u00e0 court terme et \u00e0 long terme. Le transport, le stockage et le traitement sont des maillons essentiels de la cha\u00eene logistique\u00a0; nous garantissons une qualit\u00e9 constante, une image professionnelle et une livraison ponctuelle.<\/p>\n","protected":false},"excerpt":{"rendered":"<p>Nous proposons des solutions sur mesure pour des projets \u00e0 court terme et \u00e0 long terme. Le transport, le stockage et le traitement sont des maillons essentiels de la cha\u00eene logistique\u00a0; nous garantissons une qualit\u00e9 constante, une image professionnelle et une livraison ponctuelle.<\/p>\n","protected":false},"author":2,"featured_media":913,"parent":0,"menu_order":0,"comment_status":"closed","ping_status":"closed","template":"","meta":{"_acf_changed":false,"footnotes":""},"class_list":["post-955","page","type-page","status-publish","has-post-thumbnail","hentry"],"acf":[],"yoast_head":"<!-- This site is optimized with the Yoast SEO plugin v26.3 - https:\/\/yoast.com\/wordpress\/plugins\/seo\/ -->\n<title>Projets - Zeeland Screening<\/title>\n<meta name=\"robots\" content=\"index, follow, max-snippet:-1, max-image-preview:large, max-video-preview:-1\" \/>\n<link rel=\"canonical\" href=\"https:\/\/www.zeelandscreening.nl\/fr\/projets\/\" \/>\n<meta property=\"og:locale\" content=\"fr_FR\" \/>\n<meta property=\"og:type\" content=\"article\" \/>\n<meta property=\"og:title\" content=\"Projets - Zeeland Screening\" \/>\n<meta property=\"og:description\" content=\"Nous proposons des solutions sur mesure pour des projets \u00e0 court terme et \u00e0 long terme. Le transport, le stockage et le traitement sont des maillons essentiels de la cha\u00eene logistique\u00a0; nous garantissons une qualit\u00e9 constante, une image professionnelle et une livraison ponctuelle.\" \/>\n<meta property=\"og:url\" content=\"https:\/\/www.zeelandscreening.nl\/fr\/projets\/\" \/>\n<meta property=\"og:site_name\" content=\"Zeeland Screening\" \/>\n<meta property=\"article:modified_time\" content=\"2025-11-07T07:40:00+00:00\" \/>\n<meta property=\"og:image\" content=\"https:\/\/www.zeelandscreening.nl\/wp-content\/uploads\/2024\/08\/Hoofdpagina-2.jpg\" \/>\n\t<meta property=\"og:image:width\" content=\"1600\" \/>\n\t<meta property=\"og:image:height\" content=\"1200\" \/>\n\t<meta property=\"og:image:type\" content=\"image\/jpeg\" \/>\n<meta name=\"twitter:card\" content=\"summary_large_image\" \/>\n<meta name=\"twitter:label1\" content=\"Dur\u00e9e de lecture estim\u00e9e\" \/>\n\t<meta name=\"twitter:data1\" content=\"1 minute\" \/>\n<script type=\"application\/ld+json\" class=\"yoast-schema-graph\">{\"@context\":\"https:\/\/schema.org\",\"@graph\":[{\"@type\":\"WebPage\",\"@id\":\"https:\/\/www.zeelandscreening.nl\/fr\/projets\/\",\"url\":\"https:\/\/www.zeelandscreening.nl\/fr\/projets\/\",\"name\":\"Projets - Zeeland Screening\",\"isPartOf\":{\"@id\":\"https:\/\/www.zeelandscreening.nl\/fr\/#website\"},\"primaryImageOfPage\":{\"@id\":\"https:\/\/www.zeelandscreening.nl\/fr\/projets\/#primaryimage\"},\"image\":{\"@id\":\"https:\/\/www.zeelandscreening.nl\/fr\/projets\/#primaryimage\"},\"thumbnailUrl\":\"https:\/\/www.zeelandscreening.nl\/wp-content\/uploads\/2024\/08\/Hoofdpagina-2.jpg\",\"datePublished\":\"2024-08-07T07:27:49+00:00\",\"dateModified\":\"2025-11-07T07:40:00+00:00\",\"breadcrumb\":{\"@id\":\"https:\/\/www.zeelandscreening.nl\/fr\/projets\/#breadcrumb\"},\"inLanguage\":\"fr-FR\",\"potentialAction\":[{\"@type\":\"ReadAction\",\"target\":[\"https:\/\/www.zeelandscreening.nl\/fr\/projets\/\"]}]},{\"@type\":\"ImageObject\",\"inLanguage\":\"fr-FR\",\"@id\":\"https:\/\/www.zeelandscreening.nl\/fr\/projets\/#primaryimage\",\"url\":\"https:\/\/www.zeelandscreening.nl\/wp-content\/uploads\/2024\/08\/Hoofdpagina-2.jpg\",\"contentUrl\":\"https:\/\/www.zeelandscreening.nl\/wp-content\/uploads\/2024\/08\/Hoofdpagina-2.jpg\",\"width\":1600,\"height\":1200},{\"@type\":\"BreadcrumbList\",\"@id\":\"https:\/\/www.zeelandscreening.nl\/fr\/projets\/#breadcrumb\",\"itemListElement\":[{\"@type\":\"ListItem\",\"position\":1,\"name\":\"Home\",\"item\":\"https:\/\/www.zeelandscreening.nl\/fr\/\"},{\"@type\":\"ListItem\",\"position\":2,\"name\":\"Projets\"}]},{\"@type\":\"WebSite\",\"@id\":\"https:\/\/www.zeelandscreening.nl\/fr\/#website\",\"url\":\"https:\/\/www.zeelandscreening.nl\/fr\/\",\"name\":\"Zeeland Screening\",\"description\":\"\",\"potentialAction\":[{\"@type\":\"SearchAction\",\"target\":{\"@type\":\"EntryPoint\",\"urlTemplate\":\"https:\/\/www.zeelandscreening.nl\/fr\/?s={search_term_string}\"},\"query-input\":{\"@type\":\"PropertyValueSpecification\",\"valueRequired\":true,\"valueName\":\"search_term_string\"}}],\"inLanguage\":\"fr-FR\"}]}<\/script>\n<!-- \/ Yoast SEO plugin. -->","yoast_head_json":{"title":"Projets - Zeeland Screening","robots":{"index":"index","follow":"follow","max-snippet":"max-snippet:-1","max-image-preview":"max-image-preview:large","max-video-preview":"max-video-preview:-1"},"canonical":"https:\/\/www.zeelandscreening.nl\/fr\/projets\/","og_locale":"fr_FR","og_type":"article","og_title":"Projets - Zeeland Screening","og_description":"Nous proposons des solutions sur mesure pour des projets \u00e0 court terme et \u00e0 long terme. Le transport, le stockage et le traitement sont des maillons essentiels de la cha\u00eene logistique\u00a0; nous garantissons une qualit\u00e9 constante, une image professionnelle et une livraison ponctuelle.","og_url":"https:\/\/www.zeelandscreening.nl\/fr\/projets\/","og_site_name":"Zeeland Screening","article_modified_time":"2025-11-07T07:40:00+00:00","og_image":[{"width":1600,"height":1200,"url":"https:\/\/www.zeelandscreening.nl\/wp-content\/uploads\/2024\/08\/Hoofdpagina-2.jpg","type":"image\/jpeg"}],"twitter_card":"summary_large_image","twitter_misc":{"Dur\u00e9e de lecture estim\u00e9e":"1 minute"},"schema":{"@context":"https:\/\/schema.org","@graph":[{"@type":"WebPage","@id":"https:\/\/www.zeelandscreening.nl\/fr\/projets\/","url":"https:\/\/www.zeelandscreening.nl\/fr\/projets\/","name":"Projets - Zeeland Screening","isPartOf":{"@id":"https:\/\/www.zeelandscreening.nl\/fr\/#website"},"primaryImageOfPage":{"@id":"https:\/\/www.zeelandscreening.nl\/fr\/projets\/#primaryimage"},"image":{"@id":"https:\/\/www.zeelandscreening.nl\/fr\/projets\/#primaryimage"},"thumbnailUrl":"https:\/\/www.zeelandscreening.nl\/wp-content\/uploads\/2024\/08\/Hoofdpagina-2.jpg","datePublished":"2024-08-07T07:27:49+00:00","dateModified":"2025-11-07T07:40:00+00:00","breadcrumb":{"@id":"https:\/\/www.zeelandscreening.nl\/fr\/projets\/#breadcrumb"},"inLanguage":"fr-FR","potentialAction":[{"@type":"ReadAction","target":["https:\/\/www.zeelandscreening.nl\/fr\/projets\/"]}]},{"@type":"ImageObject","inLanguage":"fr-FR","@id":"https:\/\/www.zeelandscreening.nl\/fr\/projets\/#primaryimage","url":"https:\/\/www.zeelandscreening.nl\/wp-content\/uploads\/2024\/08\/Hoofdpagina-2.jpg","contentUrl":"https:\/\/www.zeelandscreening.nl\/wp-content\/uploads\/2024\/08\/Hoofdpagina-2.jpg","width":1600,"height":1200},{"@type":"BreadcrumbList","@id":"https:\/\/www.zeelandscreening.nl\/fr\/projets\/#breadcrumb","itemListElement":[{"@type":"ListItem","position":1,"name":"Home","item":"https:\/\/www.zeelandscreening.nl\/fr\/"},{"@type":"ListItem","position":2,"name":"Projets"}]},{"@type":"WebSite","@id":"https:\/\/www.zeelandscreening.nl\/fr\/#website","url":"https:\/\/www.zeelandscreening.nl\/fr\/","name":"Zeeland Screening","description":"","potentialAction":[{"@type":"SearchAction","target":{"@type":"EntryPoint","urlTemplate":"https:\/\/www.zeelandscreening.nl\/fr\/?s={search_term_string}"},"query-input":{"@type":"PropertyValueSpecification","valueRequired":true,"valueName":"search_term_string"}}],"inLanguage":"fr-FR"}]}},"_links":{"self":[{"href":"https:\/\/www.zeelandscreening.nl\/fr\/wp-json\/wp\/v2\/pages\/955","targetHints":{"allow":["GET"]}}],"collection":[{"href":"https:\/\/www.zeelandscreening.nl\/fr\/wp-json\/wp\/v2\/pages"}],"about":[{"href":"https:\/\/www.zeelandscreening.nl\/fr\/wp-json\/wp\/v2\/types\/page"}],"author":[{"embeddable":true,"href":"https:\/\/www.zeelandscreening.nl\/fr\/wp-json\/wp\/v2\/users\/2"}],"replies":[{"embeddable":true,"href":"https:\/\/www.zeelandscreening.nl\/fr\/wp-json\/wp\/v2\/comments?post=955"}],"version-history":[{"count":2,"href":"https:\/\/www.zeelandscreening.nl\/fr\/wp-json\/wp\/v2\/pages\/955\/revisions"}],"predecessor-version":[{"id":1188,"href":"https:\/\/www.zeelandscreening.nl\/fr\/wp-json\/wp\/v2\/pages\/955\/revisions\/1188"}],"wp:featuredmedia":[{"embeddable":true,"href":"https:\/\/www.zeelandscreening.nl\/fr\/wp-json\/wp\/v2\/media\/913"}],"wp:attachment":[{"href":"https:\/\/www.zeelandscreening.nl\/fr\/wp-json\/wp\/v2\/media?parent=955"}],"curies":[{"name":"wp","href":"https:\/\/api.w.org\/{rel}","templated":true}]}}