{"id":945,"date":"2024-08-20T11:26:46","date_gmt":"2024-08-20T11:26:46","guid":{"rendered":"https:\/\/www.zeelandscreening.nl\/?page_id=945"},"modified":"2025-11-07T07:38:56","modified_gmt":"2025-11-07T07:38:56","slug":"nos-services-produits-et-methode-de-travail","status":"publish","type":"page","link":"https:\/\/www.zeelandscreening.nl\/fr\/nos-services-produits-et-methode-de-travail\/","title":{"rendered":"Nos services, produits et m\u00e9thode de travail"},"content":{"rendered":"<h2>Zone d\u2019activit\u00e9<\/h2>\n<p>Nous op\u00e9rons au Benelux, en France, en Espagne, au Portugal et au Royaume\u2011Uni. Gr\u00e2ce \u00e0 nos installations mobiles et \u00e0 notre flexibilit\u00e9, nous intervenons efficacement sur divers sites en Europe de l\u2019Ouest.<\/p>\n<h2>Ce que nous faisons<\/h2>\n<ul>\n<li>Manutention de vrac in-situ<\/li>\n<li>Reconditionnement de lots endommag\u00e9s<\/li>\n<li>M\u00e9lange de produits en vrac<\/li>\n<li>Criblage (de 1\u00a0000\u00a0\u00b5m \u00e0 400\u00a0mm)<\/li>\n<li>Refroidissement et a\u00e9ration<\/li>\n<li>S\u00e9paration par air<\/li>\n<li>\u00c9limination des m\u00e9taux<\/li>\n<li>Surveillance de la temp\u00e9rature avec rapport<\/li>\n<li>Contr\u00f4le de qualit\u00e9 avec rapport<\/li>\n<\/ul>\n<h2>Produits que nous traitons<\/h2>\n<ul>\n<li>Vrac agricole<\/li>\n<li>Pellets de bois<\/li>\n<li>Mati\u00e8res premi\u00e8res pour engrais<\/li>\n<li>Ferraille<\/li>\n<li>Cendres r\u00e9siduelles<\/li>\n<li>Pierres et gravier de remblai<\/li>\n<li>Sable et terre<\/li>\n<li>Autres produits\u00a0: contactez\u2011nous pour en \u00e9tudier les possibilit\u00e9s.<\/li>\n<\/ul>\n<h2>M\u00e9thode de travail<\/h2>\n<p>Nous assemblons des installations mobiles sur mesure in-situ et les adaptons au produit, au traitement souhait\u00e9 et \u00e0 la logistique du client. Des accords clairs sur le contenu, le planning et les co\u00fbts assurent une transparence totale.<\/p>\n<h2>Avantages de notre approche<\/h2>\n<p>Nos installations mobiles traitent jusqu\u2019\u00e0 800\u00a0t\/h avec une utilisation efficace de l\u2019espace (jusqu\u2019\u00e0 27\u00a0% de gain). Vous pouvez constituer des stocks jusqu\u2019\u00e0 100\u00a0000\u00a0t et obtenir un m\u00e9lange homog\u00e8ne pour minimiser la casse et les pertes. Moins de mouvements internes signifie moins d\u2019\u00e9missions de poussi\u00e8re et de carburant consomm\u00e9.<\/p>\n<h2>De la demande \u00e0 l\u2019ex\u00e9cution<\/h2>\n<p>Nous analysons votre demande, \u00e9valuons le produit et les objectifs et \u00e9laborons un plan. Des essais sont r\u00e9alis\u00e9s si n\u00e9cessaire, puis un devis clair est fourni. Apr\u00e8s acceptation, nous pr\u00e9parons et planifions les travaux.<\/p>\n","protected":false},"excerpt":{"rendered":"<p>Zone d\u2019activit\u00e9 Nous op\u00e9rons au Benelux, en France, en Espagne, au Portugal et au Royaume\u2011Uni. Gr\u00e2ce \u00e0 nos installations mobiles et \u00e0 notre flexibilit\u00e9, nous intervenons efficacement sur divers sites en Europe de l\u2019Ouest. Ce que nous faisons Manutention de vrac in-situ Reconditionnement de lots endommag\u00e9s M\u00e9lange de produits en vrac Criblage (de 1\u00a0000\u00a0\u00b5m \u00e0 [&hellip;]<\/p>\n","protected":false},"author":2,"featured_media":947,"parent":0,"menu_order":0,"comment_status":"closed","ping_status":"closed","template":"","meta":{"_acf_changed":false,"footnotes":""},"class_list":["post-945","page","type-page","status-publish","has-post-thumbnail","hentry"],"acf":[],"yoast_head":"<!-- This site is optimized with the Yoast SEO plugin v26.3 - https:\/\/yoast.com\/wordpress\/plugins\/seo\/ -->\n<title>Nos services, produits et m\u00e9thode de travail - Zeeland Screening<\/title>\n<meta name=\"robots\" content=\"index, follow, max-snippet:-1, max-image-preview:large, max-video-preview:-1\" \/>\n<link rel=\"canonical\" href=\"https:\/\/www.zeelandscreening.nl\/fr\/nos-services-produits-et-methode-de-travail\/\" \/>\n<meta property=\"og:locale\" content=\"fr_FR\" \/>\n<meta property=\"og:type\" content=\"article\" \/>\n<meta property=\"og:title\" content=\"Nos services, produits et m\u00e9thode de travail - Zeeland Screening\" \/>\n<meta property=\"og:description\" content=\"Zone d\u2019activit\u00e9 Nous op\u00e9rons au Benelux, en France, en Espagne, au Portugal et au Royaume\u2011Uni. Gr\u00e2ce \u00e0 nos installations mobiles et \u00e0 notre flexibilit\u00e9, nous intervenons efficacement sur divers sites en Europe de l\u2019Ouest. Ce que nous faisons Manutention de vrac in-situ Reconditionnement de lots endommag\u00e9s M\u00e9lange de produits en vrac Criblage (de 1\u00a0000\u00a0\u00b5m \u00e0 [&hellip;]\" \/>\n<meta property=\"og:url\" content=\"https:\/\/www.zeelandscreening.nl\/fr\/nos-services-produits-et-methode-de-travail\/\" \/>\n<meta property=\"og:site_name\" content=\"Zeeland Screening\" \/>\n<meta property=\"article:modified_time\" content=\"2025-11-07T07:38:56+00:00\" \/>\n<meta property=\"og:image\" content=\"https:\/\/www.zeelandscreening.nl\/wp-content\/uploads\/2025\/07\/Werkgebied-Zeeland-Screening.png\" \/>\n\t<meta property=\"og:image:width\" content=\"1024\" \/>\n\t<meta property=\"og:image:height\" content=\"1536\" \/>\n\t<meta property=\"og:image:type\" content=\"image\/png\" \/>\n<meta name=\"twitter:card\" content=\"summary_large_image\" \/>\n<meta name=\"twitter:label1\" content=\"Dur\u00e9e de lecture estim\u00e9e\" \/>\n\t<meta name=\"twitter:data1\" content=\"2 minutes\" \/>\n<script type=\"application\/ld+json\" class=\"yoast-schema-graph\">{\"@context\":\"https:\/\/schema.org\",\"@graph\":[{\"@type\":\"WebPage\",\"@id\":\"https:\/\/www.zeelandscreening.nl\/fr\/nos-services-produits-et-methode-de-travail\/\",\"url\":\"https:\/\/www.zeelandscreening.nl\/fr\/nos-services-produits-et-methode-de-travail\/\",\"name\":\"Nos services, produits et m\u00e9thode de travail - Zeeland Screening\",\"isPartOf\":{\"@id\":\"https:\/\/www.zeelandscreening.nl\/fr\/#website\"},\"primaryImageOfPage\":{\"@id\":\"https:\/\/www.zeelandscreening.nl\/fr\/nos-services-produits-et-methode-de-travail\/#primaryimage\"},\"image\":{\"@id\":\"https:\/\/www.zeelandscreening.nl\/fr\/nos-services-produits-et-methode-de-travail\/#primaryimage\"},\"thumbnailUrl\":\"https:\/\/www.zeelandscreening.nl\/wp-content\/uploads\/2025\/07\/Werkgebied-Zeeland-Screening.png\",\"datePublished\":\"2024-08-20T11:26:46+00:00\",\"dateModified\":\"2025-11-07T07:38:56+00:00\",\"breadcrumb\":{\"@id\":\"https:\/\/www.zeelandscreening.nl\/fr\/nos-services-produits-et-methode-de-travail\/#breadcrumb\"},\"inLanguage\":\"fr-FR\",\"potentialAction\":[{\"@type\":\"ReadAction\",\"target\":[\"https:\/\/www.zeelandscreening.nl\/fr\/nos-services-produits-et-methode-de-travail\/\"]}]},{\"@type\":\"ImageObject\",\"inLanguage\":\"fr-FR\",\"@id\":\"https:\/\/www.zeelandscreening.nl\/fr\/nos-services-produits-et-methode-de-travail\/#primaryimage\",\"url\":\"https:\/\/www.zeelandscreening.nl\/wp-content\/uploads\/2025\/07\/Werkgebied-Zeeland-Screening.png\",\"contentUrl\":\"https:\/\/www.zeelandscreening.nl\/wp-content\/uploads\/2025\/07\/Werkgebied-Zeeland-Screening.png\",\"width\":1024,\"height\":1536},{\"@type\":\"BreadcrumbList\",\"@id\":\"https:\/\/www.zeelandscreening.nl\/fr\/nos-services-produits-et-methode-de-travail\/#breadcrumb\",\"itemListElement\":[{\"@type\":\"ListItem\",\"position\":1,\"name\":\"Home\",\"item\":\"https:\/\/www.zeelandscreening.nl\/fr\/\"},{\"@type\":\"ListItem\",\"position\":2,\"name\":\"Nos services, produits et m\u00e9thode de travail\"}]},{\"@type\":\"WebSite\",\"@id\":\"https:\/\/www.zeelandscreening.nl\/fr\/#website\",\"url\":\"https:\/\/www.zeelandscreening.nl\/fr\/\",\"name\":\"Zeeland Screening\",\"description\":\"\",\"potentialAction\":[{\"@type\":\"SearchAction\",\"target\":{\"@type\":\"EntryPoint\",\"urlTemplate\":\"https:\/\/www.zeelandscreening.nl\/fr\/?s={search_term_string}\"},\"query-input\":{\"@type\":\"PropertyValueSpecification\",\"valueRequired\":true,\"valueName\":\"search_term_string\"}}],\"inLanguage\":\"fr-FR\"}]}<\/script>\n<!-- \/ Yoast SEO plugin. -->","yoast_head_json":{"title":"Nos services, produits et m\u00e9thode de travail - Zeeland Screening","robots":{"index":"index","follow":"follow","max-snippet":"max-snippet:-1","max-image-preview":"max-image-preview:large","max-video-preview":"max-video-preview:-1"},"canonical":"https:\/\/www.zeelandscreening.nl\/fr\/nos-services-produits-et-methode-de-travail\/","og_locale":"fr_FR","og_type":"article","og_title":"Nos services, produits et m\u00e9thode de travail - Zeeland Screening","og_description":"Zone d\u2019activit\u00e9 Nous op\u00e9rons au Benelux, en France, en Espagne, au Portugal et au Royaume\u2011Uni. Gr\u00e2ce \u00e0 nos installations mobiles et \u00e0 notre flexibilit\u00e9, nous intervenons efficacement sur divers sites en Europe de l\u2019Ouest. Ce que nous faisons Manutention de vrac in-situ Reconditionnement de lots endommag\u00e9s M\u00e9lange de produits en vrac Criblage (de 1\u00a0000\u00a0\u00b5m \u00e0 [&hellip;]","og_url":"https:\/\/www.zeelandscreening.nl\/fr\/nos-services-produits-et-methode-de-travail\/","og_site_name":"Zeeland Screening","article_modified_time":"2025-11-07T07:38:56+00:00","og_image":[{"width":1024,"height":1536,"url":"https:\/\/www.zeelandscreening.nl\/wp-content\/uploads\/2025\/07\/Werkgebied-Zeeland-Screening.png","type":"image\/png"}],"twitter_card":"summary_large_image","twitter_misc":{"Dur\u00e9e de lecture estim\u00e9e":"2 minutes"},"schema":{"@context":"https:\/\/schema.org","@graph":[{"@type":"WebPage","@id":"https:\/\/www.zeelandscreening.nl\/fr\/nos-services-produits-et-methode-de-travail\/","url":"https:\/\/www.zeelandscreening.nl\/fr\/nos-services-produits-et-methode-de-travail\/","name":"Nos services, produits et m\u00e9thode de travail - Zeeland Screening","isPartOf":{"@id":"https:\/\/www.zeelandscreening.nl\/fr\/#website"},"primaryImageOfPage":{"@id":"https:\/\/www.zeelandscreening.nl\/fr\/nos-services-produits-et-methode-de-travail\/#primaryimage"},"image":{"@id":"https:\/\/www.zeelandscreening.nl\/fr\/nos-services-produits-et-methode-de-travail\/#primaryimage"},"thumbnailUrl":"https:\/\/www.zeelandscreening.nl\/wp-content\/uploads\/2025\/07\/Werkgebied-Zeeland-Screening.png","datePublished":"2024-08-20T11:26:46+00:00","dateModified":"2025-11-07T07:38:56+00:00","breadcrumb":{"@id":"https:\/\/www.zeelandscreening.nl\/fr\/nos-services-produits-et-methode-de-travail\/#breadcrumb"},"inLanguage":"fr-FR","potentialAction":[{"@type":"ReadAction","target":["https:\/\/www.zeelandscreening.nl\/fr\/nos-services-produits-et-methode-de-travail\/"]}]},{"@type":"ImageObject","inLanguage":"fr-FR","@id":"https:\/\/www.zeelandscreening.nl\/fr\/nos-services-produits-et-methode-de-travail\/#primaryimage","url":"https:\/\/www.zeelandscreening.nl\/wp-content\/uploads\/2025\/07\/Werkgebied-Zeeland-Screening.png","contentUrl":"https:\/\/www.zeelandscreening.nl\/wp-content\/uploads\/2025\/07\/Werkgebied-Zeeland-Screening.png","width":1024,"height":1536},{"@type":"BreadcrumbList","@id":"https:\/\/www.zeelandscreening.nl\/fr\/nos-services-produits-et-methode-de-travail\/#breadcrumb","itemListElement":[{"@type":"ListItem","position":1,"name":"Home","item":"https:\/\/www.zeelandscreening.nl\/fr\/"},{"@type":"ListItem","position":2,"name":"Nos services, produits et m\u00e9thode de travail"}]},{"@type":"WebSite","@id":"https:\/\/www.zeelandscreening.nl\/fr\/#website","url":"https:\/\/www.zeelandscreening.nl\/fr\/","name":"Zeeland Screening","description":"","potentialAction":[{"@type":"SearchAction","target":{"@type":"EntryPoint","urlTemplate":"https:\/\/www.zeelandscreening.nl\/fr\/?s={search_term_string}"},"query-input":{"@type":"PropertyValueSpecification","valueRequired":true,"valueName":"search_term_string"}}],"inLanguage":"fr-FR"}]}},"_links":{"self":[{"href":"https:\/\/www.zeelandscreening.nl\/fr\/wp-json\/wp\/v2\/pages\/945","targetHints":{"allow":["GET"]}}],"collection":[{"href":"https:\/\/www.zeelandscreening.nl\/fr\/wp-json\/wp\/v2\/pages"}],"about":[{"href":"https:\/\/www.zeelandscreening.nl\/fr\/wp-json\/wp\/v2\/types\/page"}],"author":[{"embeddable":true,"href":"https:\/\/www.zeelandscreening.nl\/fr\/wp-json\/wp\/v2\/users\/2"}],"replies":[{"embeddable":true,"href":"https:\/\/www.zeelandscreening.nl\/fr\/wp-json\/wp\/v2\/comments?post=945"}],"version-history":[{"count":2,"href":"https:\/\/www.zeelandscreening.nl\/fr\/wp-json\/wp\/v2\/pages\/945\/revisions"}],"predecessor-version":[{"id":1185,"href":"https:\/\/www.zeelandscreening.nl\/fr\/wp-json\/wp\/v2\/pages\/945\/revisions\/1185"}],"wp:featuredmedia":[{"embeddable":true,"href":"https:\/\/www.zeelandscreening.nl\/fr\/wp-json\/wp\/v2\/media\/947"}],"wp:attachment":[{"href":"https:\/\/www.zeelandscreening.nl\/fr\/wp-json\/wp\/v2\/media?parent=945"}],"curies":[{"name":"wp","href":"https:\/\/api.w.org\/{rel}","templated":true}]}}