{"id":907,"date":"2019-03-08T08:08:09","date_gmt":"2019-03-08T08:08:09","guid":{"rendered":"https:\/\/www.zeelandscreening.nl\/?page_id=907"},"modified":"2026-02-09T09:22:36","modified_gmt":"2026-02-09T09:22:36","slug":"907-2","status":"publish","type":"page","link":"https:\/\/www.zeelandscreening.nl\/fr\/","title":{"rendered":"Page d&rsquo;accueil"},"content":{"rendered":"<p>Votre partenaire dans le reconditionnement des marchandises en vrac.<\/p>\n<p>Depuis septembre\u00a02021, Zeeland Screening\u00a0B.V. est devenue sp\u00e9cialiste du criblage, du traitement et du transport des marchandises en vrac. Nous g\u00e9rons un large \u00e9ventail de mat\u00e9riaux, des flux organiques aux produits min\u00e9raux et industriels tels que pellets de bois, enrochement, engrais, ferraille, phosphate, m\u00e2chefers, gravats, asphalte et produits certifi\u00e9s\u00a0GMP. Pour presque tout type de vrac, nous proposons une approche fiable et efficace. Notre m\u00e9thode est polyvalente et techniquement r\u00e9fl\u00e9chie\u00a0: criblage avec diverses mailles, ensachage, s\u00e9paration ou m\u00e9lange des flux et traitements suppl\u00e9mentaires comme lavage, refroidissement ou rev\u00eatement. Les techniques de s\u00e9paration par air et l\u2019utilisation d\u2019aimants puissants sont appliqu\u00e9es selon le mat\u00e9riau et le r\u00e9sultat souhait\u00e9, am\u00e9liorant la qualit\u00e9 et r\u00e9duisant les d\u00e9chets.<\/p>\n<h2>Solutions sur mesure pour les lots endommag\u00e9s<\/h2>\n<p>Outre les projets standard, nous prenons en charge les lots endommag\u00e9s de A \u00e0 Z\u00a0: diagnostic, solution, mobilisation du personnel et des machines, et contr\u00f4le de qualit\u00e9 par un organisme ind\u00e9pendant. Nous appliquons un tarif fixe par tonne pour garantir la transparence.<\/p>\n<h2>Pr\u00e9server les mati\u00e8res premi\u00e8res, r\u00e9duire l\u2019impact<\/h2>\n<p>Nous retirons efficacement les contaminants afin que les mati\u00e8res premi\u00e8res restent utilisables, aidant nos clients \u00e0 limiter les d\u00e9chets et \u00e0 r\u00e9duire leur empreinte \u00e9cologique.<\/p>\n<h2>Mat\u00e9riel flexible, utilisation intelligente<\/h2>\n<p>Nos installations mobiles regroupent une vaste gamme de machines et d\u2019outils\u00a0: cribles, convoyeurs, chargeuses et aimants puissants. Une partie du parc est \u00e0 propulsion \u00e9lectrique, r\u00e9duisant ainsi les \u00e9missions de CO\u2082 tout en am\u00e9liorant la s\u00e9curit\u00e9 et l\u2019ergonomie. Nous privil\u00e9gions l\u2019\u00e9lectrique d\u00e8s que possible.<\/p>\n<h2>Efficacit\u00e9 en mouvement<\/h2>\n<p>L\u2019int\u00e9gration directe de convoyeurs derri\u00e8re nos installations de criblage minimise le transport interne avec des engins lourds. Cette configuration efficace et bien pens\u00e9e r\u00e9duit la consommation de carburant, les \u00e9missions et les dommages, apporte calme et de clart\u00e9 sur le chantier et assure un m\u00e9lange homog\u00e8ne des mat\u00e9riaux.<\/p>\n<h2>La s\u00e9curit\u00e9 avant tout<\/h2>\n<p>La s\u00e9curit\u00e9 est un pilier chez Zeeland Screening. Nous travaillons conform\u00e9ment aux directives de notre certificat\u00a0VCA et proposons des formations r\u00e9guli\u00e8res pour assurer un environnement de travail s\u00fbr et professionnel.<\/p>\n","protected":false},"excerpt":{"rendered":"<p>Votre partenaire dans le reconditionnement des marchandises en vrac. Depuis septembre\u00a02021, Zeeland Screening\u00a0B.V. est devenue sp\u00e9cialiste du criblage, du traitement et du transport des marchandises en vrac. Nous g\u00e9rons un large \u00e9ventail de mat\u00e9riaux, des flux organiques aux produits min\u00e9raux et industriels tels que pellets de bois, enrochement, engrais, ferraille, phosphate, m\u00e2chefers, gravats, asphalte et [&hellip;]<\/p>\n","protected":false},"author":2,"featured_media":916,"parent":0,"menu_order":0,"comment_status":"closed","ping_status":"closed","template":"","meta":{"_acf_changed":false,"footnotes":""},"class_list":["post-907","page","type-page","status-publish","has-post-thumbnail","hentry"],"acf":[],"yoast_head":"<!-- This site is optimized with the Yoast SEO plugin v26.3 - https:\/\/yoast.com\/wordpress\/plugins\/seo\/ -->\n<title>Page d&#039;accueil - Zeeland Screening<\/title>\n<meta name=\"robots\" content=\"index, follow, max-snippet:-1, max-image-preview:large, max-video-preview:-1\" \/>\n<link rel=\"canonical\" href=\"https:\/\/www.zeelandscreening.nl\/fr\/\" \/>\n<meta property=\"og:locale\" content=\"fr_FR\" \/>\n<meta property=\"og:type\" content=\"article\" \/>\n<meta property=\"og:title\" content=\"Page d&#039;accueil - Zeeland Screening\" \/>\n<meta property=\"og:description\" content=\"Votre partenaire dans le reconditionnement des marchandises en vrac. Depuis septembre\u00a02021, Zeeland Screening\u00a0B.V. est devenue sp\u00e9cialiste du criblage, du traitement et du transport des marchandises en vrac. Nous g\u00e9rons un large \u00e9ventail de mat\u00e9riaux, des flux organiques aux produits min\u00e9raux et industriels tels que pellets de bois, enrochement, engrais, ferraille, phosphate, m\u00e2chefers, gravats, asphalte et [&hellip;]\" \/>\n<meta property=\"og:url\" content=\"https:\/\/www.zeelandscreening.nl\/fr\/\" \/>\n<meta property=\"og:site_name\" content=\"Zeeland Screening\" \/>\n<meta property=\"article:modified_time\" content=\"2026-02-09T09:22:36+00:00\" \/>\n<meta property=\"og:image\" content=\"https:\/\/www.zeelandscreening.nl\/wp-content\/uploads\/2024\/08\/berg-1.jpg\" \/>\n\t<meta property=\"og:image:width\" content=\"1200\" \/>\n\t<meta property=\"og:image:height\" content=\"1600\" \/>\n\t<meta property=\"og:image:type\" content=\"image\/jpeg\" \/>\n<meta name=\"twitter:card\" content=\"summary_large_image\" \/>\n<meta name=\"twitter:label1\" content=\"Dur\u00e9e de lecture estim\u00e9e\" \/>\n\t<meta name=\"twitter:data1\" content=\"2 minutes\" \/>\n<script type=\"application\/ld+json\" class=\"yoast-schema-graph\">{\"@context\":\"https:\/\/schema.org\",\"@graph\":[{\"@type\":\"WebPage\",\"@id\":\"https:\/\/www.zeelandscreening.nl\/fr\/\",\"url\":\"https:\/\/www.zeelandscreening.nl\/fr\/\",\"name\":\"Page d'accueil - Zeeland Screening\",\"isPartOf\":{\"@id\":\"https:\/\/www.zeelandscreening.nl\/fr\/#website\"},\"primaryImageOfPage\":{\"@id\":\"https:\/\/www.zeelandscreening.nl\/fr\/#primaryimage\"},\"image\":{\"@id\":\"https:\/\/www.zeelandscreening.nl\/fr\/#primaryimage\"},\"thumbnailUrl\":\"https:\/\/www.zeelandscreening.nl\/wp-content\/uploads\/2024\/08\/berg-1.jpg\",\"datePublished\":\"2019-03-08T08:08:09+00:00\",\"dateModified\":\"2026-02-09T09:22:36+00:00\",\"breadcrumb\":{\"@id\":\"https:\/\/www.zeelandscreening.nl\/fr\/#breadcrumb\"},\"inLanguage\":\"fr-FR\",\"potentialAction\":[{\"@type\":\"ReadAction\",\"target\":[\"https:\/\/www.zeelandscreening.nl\/fr\/\"]}]},{\"@type\":\"ImageObject\",\"inLanguage\":\"fr-FR\",\"@id\":\"https:\/\/www.zeelandscreening.nl\/fr\/#primaryimage\",\"url\":\"https:\/\/www.zeelandscreening.nl\/wp-content\/uploads\/2024\/08\/berg-1.jpg\",\"contentUrl\":\"https:\/\/www.zeelandscreening.nl\/wp-content\/uploads\/2024\/08\/berg-1.jpg\",\"width\":1200,\"height\":1600},{\"@type\":\"BreadcrumbList\",\"@id\":\"https:\/\/www.zeelandscreening.nl\/fr\/#breadcrumb\",\"itemListElement\":[{\"@type\":\"ListItem\",\"position\":1,\"name\":\"Home\",\"item\":\"https:\/\/www.zeelandscreening.nl\/fr\/\"},{\"@type\":\"ListItem\",\"position\":2,\"name\":\"Page d&#8217;accueil\"}]},{\"@type\":\"WebSite\",\"@id\":\"https:\/\/www.zeelandscreening.nl\/fr\/#website\",\"url\":\"https:\/\/www.zeelandscreening.nl\/fr\/\",\"name\":\"Zeeland Screening\",\"description\":\"\",\"potentialAction\":[{\"@type\":\"SearchAction\",\"target\":{\"@type\":\"EntryPoint\",\"urlTemplate\":\"https:\/\/www.zeelandscreening.nl\/fr\/?s={search_term_string}\"},\"query-input\":{\"@type\":\"PropertyValueSpecification\",\"valueRequired\":true,\"valueName\":\"search_term_string\"}}],\"inLanguage\":\"fr-FR\"}]}<\/script>\n<!-- \/ Yoast SEO plugin. -->","yoast_head_json":{"title":"Page d'accueil - Zeeland Screening","robots":{"index":"index","follow":"follow","max-snippet":"max-snippet:-1","max-image-preview":"max-image-preview:large","max-video-preview":"max-video-preview:-1"},"canonical":"https:\/\/www.zeelandscreening.nl\/fr\/","og_locale":"fr_FR","og_type":"article","og_title":"Page d'accueil - Zeeland Screening","og_description":"Votre partenaire dans le reconditionnement des marchandises en vrac. Depuis septembre\u00a02021, Zeeland Screening\u00a0B.V. est devenue sp\u00e9cialiste du criblage, du traitement et du transport des marchandises en vrac. Nous g\u00e9rons un large \u00e9ventail de mat\u00e9riaux, des flux organiques aux produits min\u00e9raux et industriels tels que pellets de bois, enrochement, engrais, ferraille, phosphate, m\u00e2chefers, gravats, asphalte et [&hellip;]","og_url":"https:\/\/www.zeelandscreening.nl\/fr\/","og_site_name":"Zeeland Screening","article_modified_time":"2026-02-09T09:22:36+00:00","og_image":[{"width":1200,"height":1600,"url":"https:\/\/www.zeelandscreening.nl\/wp-content\/uploads\/2024\/08\/berg-1.jpg","type":"image\/jpeg"}],"twitter_card":"summary_large_image","twitter_misc":{"Dur\u00e9e de lecture estim\u00e9e":"2 minutes"},"schema":{"@context":"https:\/\/schema.org","@graph":[{"@type":"WebPage","@id":"https:\/\/www.zeelandscreening.nl\/fr\/","url":"https:\/\/www.zeelandscreening.nl\/fr\/","name":"Page d'accueil - Zeeland Screening","isPartOf":{"@id":"https:\/\/www.zeelandscreening.nl\/fr\/#website"},"primaryImageOfPage":{"@id":"https:\/\/www.zeelandscreening.nl\/fr\/#primaryimage"},"image":{"@id":"https:\/\/www.zeelandscreening.nl\/fr\/#primaryimage"},"thumbnailUrl":"https:\/\/www.zeelandscreening.nl\/wp-content\/uploads\/2024\/08\/berg-1.jpg","datePublished":"2019-03-08T08:08:09+00:00","dateModified":"2026-02-09T09:22:36+00:00","breadcrumb":{"@id":"https:\/\/www.zeelandscreening.nl\/fr\/#breadcrumb"},"inLanguage":"fr-FR","potentialAction":[{"@type":"ReadAction","target":["https:\/\/www.zeelandscreening.nl\/fr\/"]}]},{"@type":"ImageObject","inLanguage":"fr-FR","@id":"https:\/\/www.zeelandscreening.nl\/fr\/#primaryimage","url":"https:\/\/www.zeelandscreening.nl\/wp-content\/uploads\/2024\/08\/berg-1.jpg","contentUrl":"https:\/\/www.zeelandscreening.nl\/wp-content\/uploads\/2024\/08\/berg-1.jpg","width":1200,"height":1600},{"@type":"BreadcrumbList","@id":"https:\/\/www.zeelandscreening.nl\/fr\/#breadcrumb","itemListElement":[{"@type":"ListItem","position":1,"name":"Home","item":"https:\/\/www.zeelandscreening.nl\/fr\/"},{"@type":"ListItem","position":2,"name":"Page d&#8217;accueil"}]},{"@type":"WebSite","@id":"https:\/\/www.zeelandscreening.nl\/fr\/#website","url":"https:\/\/www.zeelandscreening.nl\/fr\/","name":"Zeeland Screening","description":"","potentialAction":[{"@type":"SearchAction","target":{"@type":"EntryPoint","urlTemplate":"https:\/\/www.zeelandscreening.nl\/fr\/?s={search_term_string}"},"query-input":{"@type":"PropertyValueSpecification","valueRequired":true,"valueName":"search_term_string"}}],"inLanguage":"fr-FR"}]}},"_links":{"self":[{"href":"https:\/\/www.zeelandscreening.nl\/fr\/wp-json\/wp\/v2\/pages\/907","targetHints":{"allow":["GET"]}}],"collection":[{"href":"https:\/\/www.zeelandscreening.nl\/fr\/wp-json\/wp\/v2\/pages"}],"about":[{"href":"https:\/\/www.zeelandscreening.nl\/fr\/wp-json\/wp\/v2\/types\/page"}],"author":[{"embeddable":true,"href":"https:\/\/www.zeelandscreening.nl\/fr\/wp-json\/wp\/v2\/users\/2"}],"replies":[{"embeddable":true,"href":"https:\/\/www.zeelandscreening.nl\/fr\/wp-json\/wp\/v2\/comments?post=907"}],"version-history":[{"count":7,"href":"https:\/\/www.zeelandscreening.nl\/fr\/wp-json\/wp\/v2\/pages\/907\/revisions"}],"predecessor-version":[{"id":1275,"href":"https:\/\/www.zeelandscreening.nl\/fr\/wp-json\/wp\/v2\/pages\/907\/revisions\/1275"}],"wp:featuredmedia":[{"embeddable":true,"href":"https:\/\/www.zeelandscreening.nl\/fr\/wp-json\/wp\/v2\/media\/916"}],"wp:attachment":[{"href":"https:\/\/www.zeelandscreening.nl\/fr\/wp-json\/wp\/v2\/media?parent=907"}],"curies":[{"name":"wp","href":"https:\/\/api.w.org\/{rel}","templated":true}]}}