{"id":1000,"date":"2019-03-08T08:09:03","date_gmt":"2019-03-08T08:09:03","guid":{"rendered":"https:\/\/www.zeelandscreening.nl\/?page_id=1000"},"modified":"2025-11-06T10:32:03","modified_gmt":"2025-11-06T10:32:03","slug":"declaration-de-confidentialite","status":"publish","type":"page","link":"https:\/\/www.zeelandscreening.nl\/fr\/declaration-de-confidentialite\/","title":{"rendered":"D\u00e9claration de confidentialit\u00e9"},"content":{"rendered":"<h1>D\u00e9claration de confidentialit\u00e9<\/h1>\n<p>Cher visiteur, merci de visiter notre site Web et de nous fournir des informations via le formulaire de contact, d&rsquo;inscription et\/ou de commande. Nous tenons \u00e0 vous assurer que nous traitons vos donn\u00e9es avec le plus grand soin.<\/p>\n<p><strong>Qui sommes\u2011nous\u00a0?<\/strong> Zeeland Screening\u00a0B.V., \u00e9tablie au Lange\u00a0Reksestraat\u00a016, 4538\u00a0AZ\u00a0Terneuzen, est responsable du traitement des donn\u00e9es \u00e0 caract\u00e8re personnel. Nos coordonn\u00e9es\u00a0: Zeeland Screening\u00a0B.V., Lange\u00a0Reksestraat\u00a016, 4538\u00a0AZ\u00a0Terneuzen, num\u00e9ro de t\u00e9l\u00e9phone\u00a0+31\u00a0(0)85\u00a0130\u00a06898, e\u2011mail :\u00a0info@zeelandscreening.nl, num\u00e9ro de la Chambre de commerce\u00a083826351, num\u00e9ro de TVA\u00a0NL863002195B01, RSIN\u00a0863002195.<\/p>\n<p><strong>Pourquoi collectons\u2011nous des donn\u00e9es \u00e0 caract\u00e8re personnel\u00a0?<\/strong> Zeeland Screening\u00a0B.V. traite vos donn\u00e9es \u00e0 caract\u00e8re personnel parce que vous utilisez nos services et\/ou parce que vous nous les fournissez vous\u2011m\u00eame. Nous traitons notamment\u00a0: pr\u00e9nom et nom, adresse, code postal, ville, num\u00e9ro de t\u00e9l\u00e9phone (mobile), num\u00e9ro de t\u00e9l\u00e9phone, adresse e\u2011mail, autres donn\u00e9es \u00e0 caract\u00e8re personnel que vous fournissez activement (par exemple en cr\u00e9ant un profil, dans votre correspondance ou par t\u00e9l\u00e9phone), donn\u00e9es concernant vos activit\u00e9s sur notre site Web et type de navigateur Internet et d\u2019appareil.<\/p>\n<p><strong>\u00c0 quelles fins et sur quelle base traitons\u2011nous les donn\u00e9es \u00e0 caract\u00e8re personnel\u00a0?<\/strong> Zeeland Screening\u00a0B.V. traite vos donn\u00e9es \u00e0 caract\u00e8re personnel aux fins suivantes\u00a0: traiter votre paiement et\/ou ex\u00e9cuter le contrat\u00a0; vous livrer des biens et\/ou des services\u00a0; vous envoyer notre newsletter\u00a0; pouvoir vous appeler ou vous envoyer un courriel lorsque cela est n\u00e9cessaire pour ex\u00e9cuter nos services. Zeeland Screening\u00a0B.V. traite \u00e9galement des donn\u00e9es \u00e0 caract\u00e8re personnel si nous y sommes l\u00e9galement tenus.<\/p>\n<p><strong>Vos donn\u00e9es sont\u2011elles utilis\u00e9es pour une prise de d\u00e9cision automatis\u00e9e (telle que le profilage)\u00a0?<\/strong> Non, nous ne le faisons pas.<\/p>\n<p><strong>Combien de temps conservons\u2011nous les donn\u00e9es \u00e0 caract\u00e8re personnel\u00a0?<\/strong> Vos donn\u00e9es \u00e0 caract\u00e8re personnel sont conserv\u00e9es aussi longtemps que n\u00e9cessaire pour l\u2019ex\u00e9cution d\u2019un contrat et\/ou d\u2019une m\u00e9diation, dans le respect des d\u00e9lais l\u00e9gaux. En l\u2019absence de contrat et\/ou de m\u00e9diation, nous conservons vos donn\u00e9es pendant huit\u00a0semaines et les supprimons ensuite.<\/p>\n<p><strong>Partage des donn\u00e9es \u00e0 caract\u00e8re personnel avec des tiers<\/strong> Zeeland Screening\u00a0B.V. ne fournit vos donn\u00e9es \u00e0 des tiers que si cela est n\u00e9cessaire \u00e0 l\u2019ex\u00e9cution de notre contrat avec vous ou pour respecter une obligation l\u00e9gale.<\/p>\n<p><strong>Vos donn\u00e9es \u00e0 caract\u00e8re personnel sont\u2011elles \u00e9galement trait\u00e9es en dehors de l\u2019UE\u00a0?<\/strong> Non, nous traitons vos donn\u00e9es \u00e0 caract\u00e8re personnel uniquement au sein de l\u2019Union Europ\u00e9enne et autant que possible aux Pays\u2011Bas.<\/p>\n<p><strong>Cookies<\/strong> Nous utilisons des cookies. Un cookie est un fichier que notre site Web (serveur) place sur votre ordinateur, tablette ou t\u00e9l\u00e9phone lorsque vous visitez ce site. En poursuivant votre visite, en cliquant sur des liens ou des \u00e9l\u00e9ments, ou en naviguant de quelque mani\u00e8re que ce soit sur ce site, vous donnez votre consentement actif \u00e0 l\u2019installation de cookies aux fins \u00e9nonc\u00e9es dans la pr\u00e9sente politique de confidentialit\u00e9. Si vous n\u2019acceptez pas, vous pouvez supprimer les cookies de votre navigateur ou configurer celui\u2011ci pour qu\u2019il n\u2019accepte pas automatiquement les cookies. Selon les param\u00e8tres de votre navigateur, notre site Web peut alors fonctionner moins bien. Nous vous recommandons donc de laisser les cookies activ\u00e9s afin de profiter pleinement de nos sites Web.<\/p>\n<p><strong>Quels cookies ce site utilise\u2011t\u2011il\u00a0?<\/strong><\/p>\n<ul>\n<li><strong>Cookies fonctionnels<\/strong>\u00a0: Ces cookies rendent certaines parties de nos sites plus pratiques, par exemple pour que vous n\u2019ayez pas \u00e0 saisir ou cliquer sur les m\u00eames \u00e9l\u00e9ments \u00e0 chaque fois. Vous les reconnaissez \u00e0 leur nom\u00a0PHPSESSID.<\/li>\n<\/ul>\n<ul>\n<li><strong>Cookies analytiques<\/strong>: Google\u00a0Analytics\u00a0: vous reconnaissez ces cookies aux noms _ga, _gat, _utma, _utmb, _utmc, _utmv ou _utmz. Vous pouvez consulter la politique de confidentialit\u00e9 de Google sur\u00a0https:\/\/www.google.com\/policies\/privacy\/.<\/li>\n<\/ul>\n<p><strong>Droit d\u2019acc\u00e8s, de rectification, de suppression et autres droits<\/strong> Vous pouvez nous contacter via\u00a0info@zeelandscreening.nl. Nous traiterons votre demande dans le d\u00e9lai l\u00e9gal de 30\u00a0jours. Pour toute r\u00e9clamation, vous pouvez vous adresser \u00e0 l\u2019Autorit\u00e9 n\u00e9erlandaise de protection des donn\u00e9es via\u00a0https:\/\/autoriteitpersoonsgegevens.nl. Afin de v\u00e9rifier votre identit\u00e9, nous vous demandons de joindre une copie de votre pi\u00e8ce d\u2019identit\u00e9 en occultant votre photo, la zone\u00a0MRZ, le num\u00e9ro de passeport et le num\u00e9ro\u00a0BSN.<\/p>\n<p><strong>Comment nous s\u00e9curisons les donn\u00e9es \u00e0 caract\u00e8re personnel<\/strong> Zeeland Screening\u00a0B.V. prend tr\u00e8s au s\u00e9rieux la protection de vos donn\u00e9es et met en \u0153uvre des mesures techniques et organisationnelles appropri\u00e9es pour pr\u00e9venir tout abus, perte, acc\u00e8s non autoris\u00e9, divulgation ind\u00e9sirable et modification non autoris\u00e9e. Si vous estimez que vos donn\u00e9es ne sont pas correctement s\u00e9curis\u00e9es ou s\u2019il existe des indications d\u2019abus, veuillez contacter\u00a0info@zeelandscreening.nl.<\/p>\n","protected":false},"excerpt":{"rendered":"<p>D\u00e9claration de confidentialit\u00e9 Cher visiteur, merci de visiter notre site Web et de nous fournir des informations via le formulaire de contact, d&rsquo;inscription et\/ou de commande. Nous tenons \u00e0 vous assurer que nous traitons vos donn\u00e9es avec le plus grand soin. Qui sommes\u2011nous\u00a0? Zeeland Screening\u00a0B.V., \u00e9tablie au Lange\u00a0Reksestraat\u00a016, 4538\u00a0AZ\u00a0Terneuzen, est responsable du traitement des donn\u00e9es [&hellip;]<\/p>\n","protected":false},"author":2,"featured_media":0,"parent":0,"menu_order":0,"comment_status":"closed","ping_status":"closed","template":"","meta":{"_acf_changed":false,"footnotes":""},"class_list":["post-1000","page","type-page","status-publish","hentry"],"acf":[],"yoast_head":"<!-- This site is optimized with the Yoast SEO plugin v26.3 - https:\/\/yoast.com\/wordpress\/plugins\/seo\/ -->\n<title>D\u00e9claration de confidentialit\u00e9 - Zeeland Screening<\/title>\n<meta name=\"robots\" content=\"index, follow, max-snippet:-1, max-image-preview:large, max-video-preview:-1\" \/>\n<link rel=\"canonical\" href=\"https:\/\/www.zeelandscreening.nl\/fr\/declaration-de-confidentialite\/\" \/>\n<meta property=\"og:locale\" content=\"fr_FR\" \/>\n<meta property=\"og:type\" content=\"article\" \/>\n<meta property=\"og:title\" content=\"D\u00e9claration de confidentialit\u00e9 - Zeeland Screening\" \/>\n<meta property=\"og:description\" content=\"D\u00e9claration de confidentialit\u00e9 Cher visiteur, merci de visiter notre site Web et de nous fournir des informations via le formulaire de contact, d&rsquo;inscription et\/ou de commande. Nous tenons \u00e0 vous assurer que nous traitons vos donn\u00e9es avec le plus grand soin. Qui sommes\u2011nous\u00a0? Zeeland Screening\u00a0B.V., \u00e9tablie au Lange\u00a0Reksestraat\u00a016, 4538\u00a0AZ\u00a0Terneuzen, est responsable du traitement des donn\u00e9es [&hellip;]\" \/>\n<meta property=\"og:url\" content=\"https:\/\/www.zeelandscreening.nl\/fr\/declaration-de-confidentialite\/\" \/>\n<meta property=\"og:site_name\" content=\"Zeeland Screening\" \/>\n<meta property=\"article:modified_time\" content=\"2025-11-06T10:32:03+00:00\" \/>\n<meta name=\"twitter:card\" content=\"summary_large_image\" \/>\n<meta name=\"twitter:label1\" content=\"Dur\u00e9e de lecture estim\u00e9e\" \/>\n\t<meta name=\"twitter:data1\" content=\"4 minutes\" \/>\n<script type=\"application\/ld+json\" class=\"yoast-schema-graph\">{\"@context\":\"https:\/\/schema.org\",\"@graph\":[{\"@type\":\"WebPage\",\"@id\":\"https:\/\/www.zeelandscreening.nl\/fr\/declaration-de-confidentialite\/\",\"url\":\"https:\/\/www.zeelandscreening.nl\/fr\/declaration-de-confidentialite\/\",\"name\":\"D\u00e9claration de confidentialit\u00e9 - Zeeland Screening\",\"isPartOf\":{\"@id\":\"https:\/\/www.zeelandscreening.nl\/fr\/#website\"},\"datePublished\":\"2019-03-08T08:09:03+00:00\",\"dateModified\":\"2025-11-06T10:32:03+00:00\",\"breadcrumb\":{\"@id\":\"https:\/\/www.zeelandscreening.nl\/fr\/declaration-de-confidentialite\/#breadcrumb\"},\"inLanguage\":\"fr-FR\",\"potentialAction\":[{\"@type\":\"ReadAction\",\"target\":[\"https:\/\/www.zeelandscreening.nl\/fr\/declaration-de-confidentialite\/\"]}]},{\"@type\":\"BreadcrumbList\",\"@id\":\"https:\/\/www.zeelandscreening.nl\/fr\/declaration-de-confidentialite\/#breadcrumb\",\"itemListElement\":[{\"@type\":\"ListItem\",\"position\":1,\"name\":\"Home\",\"item\":\"https:\/\/www.zeelandscreening.nl\/fr\/\"},{\"@type\":\"ListItem\",\"position\":2,\"name\":\"D\u00e9claration de confidentialit\u00e9\"}]},{\"@type\":\"WebSite\",\"@id\":\"https:\/\/www.zeelandscreening.nl\/fr\/#website\",\"url\":\"https:\/\/www.zeelandscreening.nl\/fr\/\",\"name\":\"Zeeland Screening\",\"description\":\"\",\"potentialAction\":[{\"@type\":\"SearchAction\",\"target\":{\"@type\":\"EntryPoint\",\"urlTemplate\":\"https:\/\/www.zeelandscreening.nl\/fr\/?s={search_term_string}\"},\"query-input\":{\"@type\":\"PropertyValueSpecification\",\"valueRequired\":true,\"valueName\":\"search_term_string\"}}],\"inLanguage\":\"fr-FR\"}]}<\/script>\n<!-- \/ Yoast SEO plugin. -->","yoast_head_json":{"title":"D\u00e9claration de confidentialit\u00e9 - Zeeland Screening","robots":{"index":"index","follow":"follow","max-snippet":"max-snippet:-1","max-image-preview":"max-image-preview:large","max-video-preview":"max-video-preview:-1"},"canonical":"https:\/\/www.zeelandscreening.nl\/fr\/declaration-de-confidentialite\/","og_locale":"fr_FR","og_type":"article","og_title":"D\u00e9claration de confidentialit\u00e9 - Zeeland Screening","og_description":"D\u00e9claration de confidentialit\u00e9 Cher visiteur, merci de visiter notre site Web et de nous fournir des informations via le formulaire de contact, d&rsquo;inscription et\/ou de commande. Nous tenons \u00e0 vous assurer que nous traitons vos donn\u00e9es avec le plus grand soin. Qui sommes\u2011nous\u00a0? Zeeland Screening\u00a0B.V., \u00e9tablie au Lange\u00a0Reksestraat\u00a016, 4538\u00a0AZ\u00a0Terneuzen, est responsable du traitement des donn\u00e9es [&hellip;]","og_url":"https:\/\/www.zeelandscreening.nl\/fr\/declaration-de-confidentialite\/","og_site_name":"Zeeland Screening","article_modified_time":"2025-11-06T10:32:03+00:00","twitter_card":"summary_large_image","twitter_misc":{"Dur\u00e9e de lecture estim\u00e9e":"4 minutes"},"schema":{"@context":"https:\/\/schema.org","@graph":[{"@type":"WebPage","@id":"https:\/\/www.zeelandscreening.nl\/fr\/declaration-de-confidentialite\/","url":"https:\/\/www.zeelandscreening.nl\/fr\/declaration-de-confidentialite\/","name":"D\u00e9claration de confidentialit\u00e9 - Zeeland Screening","isPartOf":{"@id":"https:\/\/www.zeelandscreening.nl\/fr\/#website"},"datePublished":"2019-03-08T08:09:03+00:00","dateModified":"2025-11-06T10:32:03+00:00","breadcrumb":{"@id":"https:\/\/www.zeelandscreening.nl\/fr\/declaration-de-confidentialite\/#breadcrumb"},"inLanguage":"fr-FR","potentialAction":[{"@type":"ReadAction","target":["https:\/\/www.zeelandscreening.nl\/fr\/declaration-de-confidentialite\/"]}]},{"@type":"BreadcrumbList","@id":"https:\/\/www.zeelandscreening.nl\/fr\/declaration-de-confidentialite\/#breadcrumb","itemListElement":[{"@type":"ListItem","position":1,"name":"Home","item":"https:\/\/www.zeelandscreening.nl\/fr\/"},{"@type":"ListItem","position":2,"name":"D\u00e9claration de confidentialit\u00e9"}]},{"@type":"WebSite","@id":"https:\/\/www.zeelandscreening.nl\/fr\/#website","url":"https:\/\/www.zeelandscreening.nl\/fr\/","name":"Zeeland Screening","description":"","potentialAction":[{"@type":"SearchAction","target":{"@type":"EntryPoint","urlTemplate":"https:\/\/www.zeelandscreening.nl\/fr\/?s={search_term_string}"},"query-input":{"@type":"PropertyValueSpecification","valueRequired":true,"valueName":"search_term_string"}}],"inLanguage":"fr-FR"}]}},"_links":{"self":[{"href":"https:\/\/www.zeelandscreening.nl\/fr\/wp-json\/wp\/v2\/pages\/1000","targetHints":{"allow":["GET"]}}],"collection":[{"href":"https:\/\/www.zeelandscreening.nl\/fr\/wp-json\/wp\/v2\/pages"}],"about":[{"href":"https:\/\/www.zeelandscreening.nl\/fr\/wp-json\/wp\/v2\/types\/page"}],"author":[{"embeddable":true,"href":"https:\/\/www.zeelandscreening.nl\/fr\/wp-json\/wp\/v2\/users\/2"}],"replies":[{"embeddable":true,"href":"https:\/\/www.zeelandscreening.nl\/fr\/wp-json\/wp\/v2\/comments?post=1000"}],"version-history":[{"count":1,"href":"https:\/\/www.zeelandscreening.nl\/fr\/wp-json\/wp\/v2\/pages\/1000\/revisions"}],"predecessor-version":[{"id":1001,"href":"https:\/\/www.zeelandscreening.nl\/fr\/wp-json\/wp\/v2\/pages\/1000\/revisions\/1001"}],"wp:attachment":[{"href":"https:\/\/www.zeelandscreening.nl\/fr\/wp-json\/wp\/v2\/media?parent=1000"}],"curies":[{"name":"wp","href":"https:\/\/api.w.org\/{rel}","templated":true}]}}