{"id":967,"date":"2024-08-20T11:26:46","date_gmt":"2024-08-20T11:26:46","guid":{"rendered":"https:\/\/www.zeelandscreening.nl\/?page_id=967"},"modified":"2025-11-07T07:39:22","modified_gmt":"2025-11-07T07:39:22","slug":"nuestros-servicios-productos-y-metodo-de-trabajo","status":"publish","type":"page","link":"https:\/\/www.zeelandscreening.nl\/es\/nuestros-servicios-productos-y-metodo-de-trabajo\/","title":{"rendered":"Nuestros servicios, productos y m\u00e9todo de trabajo"},"content":{"rendered":"<h2>\u00c1mbito de trabajo<\/h2>\n<p>Operamos en el Benelux, Francia, Espa\u00f1a, Portugal y el Reino Unido. Las instalaciones m\u00f3viles y nuestra flexibilidad nos permiten prestar servicios eficientes en distintos lugares de Europa occidental.<\/p>\n<h2>Qu\u00e9 hacemos<\/h2>\n<ul>\n<li>Manejo de graneles en el lugar<\/li>\n<li>Reacondicionamiento de lotes da\u00f1ados<\/li>\n<li>Mezcla de productos a granel<\/li>\n<li>Cribado (de 000 \u00b5m a 400 mm)<\/li>\n<li>Enfriado y aireaci\u00f3n<\/li>\n<li>Separaci\u00f3n por aire<\/li>\n<li>Eliminaci\u00f3n de metales<\/li>\n<li>Vigilancia de la temperatura con informes<\/li>\n<li>Control de calidad con informe<\/li>\n<\/ul>\n<h2>Productos que tratamos<\/h2>\n<ul>\n<li>Agrogranel<\/li>\n<li>Pellets de madera<\/li>\n<li>Materias primas para fertilizantes<\/li>\n<li>Chatarra<\/li>\n<li>Cenizas de fondo<\/li>\n<li>Escollera<\/li>\n<li>Arena y tierra<\/li>\n<li>Otros productos: p\u00f3ngase en contacto con nosotros para estudiar las<\/li>\n<\/ul>\n<h2>M\u00e9todo de trabajo<\/h2>\n<p>Trabajamos siempre con instalaciones m\u00f3viles que configuramos a medida en el lugar. Ajustamos la configuraci\u00f3n al producto, al proceso deseado y a la log\u00edstica del cliente. Establecemos acuerdos claros sobre contenidos, planificaci\u00f3n y costes para una transparencia total.<\/p>\n<h2>Ventajas de nuestro enfoque<\/h2>\n<p>Nuestras instalaciones m\u00f3viles pueden procesar hasta 800 t\/h con un uso de espacio eficiente (hasta un 27 % m\u00e1s). Puede acumular grandes existencias (hasta 100.000 t), con mezclas homog\u00e9neas que reducen roturas y p\u00e9rdidas. Un menor movimiento interno de equipos reduce el polvo y el consumo de combustible.<\/p>\n<h2>De la solicitud a la ejecuci\u00f3n<\/h2>\n<p>Analizamos tu consulta, evaluamos el producto y los objetivos, y elaboramos un plan. Realizamos pruebas si es necesario y enviamos un presupuesto claro. Tras la aceptaci\u00f3n, preparamos y programamos el trabajo.<\/p>\n","protected":false},"excerpt":{"rendered":"<p>\u00c1mbito de trabajo Operamos en el Benelux, Francia, Espa\u00f1a, Portugal y el Reino Unido. Las instalaciones m\u00f3viles y nuestra flexibilidad nos permiten prestar servicios eficientes en distintos lugares de Europa occidental. Qu\u00e9 hacemos Manejo de graneles en el lugar Reacondicionamiento de lotes da\u00f1ados Mezcla de productos a granel Cribado (de 000 \u00b5m a 400 mm) [&hellip;]<\/p>\n","protected":false},"author":2,"featured_media":840,"parent":0,"menu_order":0,"comment_status":"closed","ping_status":"closed","template":"","meta":{"_acf_changed":false,"footnotes":""},"class_list":["post-967","page","type-page","status-publish","has-post-thumbnail","hentry"],"acf":[],"yoast_head":"<!-- This site is optimized with the Yoast SEO plugin v26.3 - https:\/\/yoast.com\/wordpress\/plugins\/seo\/ -->\n<title>Nuestros servicios, productos y m\u00e9todo de trabajo - Zeeland Screening<\/title>\n<meta name=\"robots\" content=\"index, follow, max-snippet:-1, max-image-preview:large, max-video-preview:-1\" \/>\n<link rel=\"canonical\" href=\"https:\/\/www.zeelandscreening.nl\/es\/nuestros-servicios-productos-y-metodo-de-trabajo\/\" \/>\n<meta property=\"og:locale\" content=\"es_ES\" \/>\n<meta property=\"og:type\" content=\"article\" \/>\n<meta property=\"og:title\" content=\"Nuestros servicios, productos y m\u00e9todo de trabajo - Zeeland Screening\" \/>\n<meta property=\"og:description\" content=\"\u00c1mbito de trabajo Operamos en el Benelux, Francia, Espa\u00f1a, Portugal y el Reino Unido. Las instalaciones m\u00f3viles y nuestra flexibilidad nos permiten prestar servicios eficientes en distintos lugares de Europa occidental. Qu\u00e9 hacemos Manejo de graneles en el lugar Reacondicionamiento de lotes da\u00f1ados Mezcla de productos a granel Cribado (de 000 \u00b5m a 400 mm) [&hellip;]\" \/>\n<meta property=\"og:url\" content=\"https:\/\/www.zeelandscreening.nl\/es\/nuestros-servicios-productos-y-metodo-de-trabajo\/\" \/>\n<meta property=\"og:site_name\" content=\"Zeeland Screening\" \/>\n<meta property=\"article:modified_time\" content=\"2025-11-07T07:39:22+00:00\" \/>\n<meta property=\"og:image\" content=\"https:\/\/www.zeelandscreening.nl\/wp-content\/uploads\/2025\/07\/Werkgebied-Zeeland-Screening.png\" \/>\n\t<meta property=\"og:image:width\" content=\"1024\" \/>\n\t<meta property=\"og:image:height\" content=\"1536\" \/>\n\t<meta property=\"og:image:type\" content=\"image\/png\" \/>\n<meta name=\"twitter:card\" content=\"summary_large_image\" \/>\n<meta name=\"twitter:label1\" content=\"Tiempo de lectura\" \/>\n\t<meta name=\"twitter:data1\" content=\"2 minutos\" \/>\n<script type=\"application\/ld+json\" class=\"yoast-schema-graph\">{\"@context\":\"https:\/\/schema.org\",\"@graph\":[{\"@type\":\"WebPage\",\"@id\":\"https:\/\/www.zeelandscreening.nl\/es\/nuestros-servicios-productos-y-metodo-de-trabajo\/\",\"url\":\"https:\/\/www.zeelandscreening.nl\/es\/nuestros-servicios-productos-y-metodo-de-trabajo\/\",\"name\":\"Nuestros servicios, productos y m\u00e9todo de trabajo - Zeeland Screening\",\"isPartOf\":{\"@id\":\"https:\/\/www.zeelandscreening.nl\/es\/#website\"},\"primaryImageOfPage\":{\"@id\":\"https:\/\/www.zeelandscreening.nl\/es\/nuestros-servicios-productos-y-metodo-de-trabajo\/#primaryimage\"},\"image\":{\"@id\":\"https:\/\/www.zeelandscreening.nl\/es\/nuestros-servicios-productos-y-metodo-de-trabajo\/#primaryimage\"},\"thumbnailUrl\":\"https:\/\/www.zeelandscreening.nl\/wp-content\/uploads\/2025\/07\/Werkgebied-Zeeland-Screening.png\",\"datePublished\":\"2024-08-20T11:26:46+00:00\",\"dateModified\":\"2025-11-07T07:39:22+00:00\",\"breadcrumb\":{\"@id\":\"https:\/\/www.zeelandscreening.nl\/es\/nuestros-servicios-productos-y-metodo-de-trabajo\/#breadcrumb\"},\"inLanguage\":\"es\",\"potentialAction\":[{\"@type\":\"ReadAction\",\"target\":[\"https:\/\/www.zeelandscreening.nl\/es\/nuestros-servicios-productos-y-metodo-de-trabajo\/\"]}]},{\"@type\":\"ImageObject\",\"inLanguage\":\"es\",\"@id\":\"https:\/\/www.zeelandscreening.nl\/es\/nuestros-servicios-productos-y-metodo-de-trabajo\/#primaryimage\",\"url\":\"https:\/\/www.zeelandscreening.nl\/wp-content\/uploads\/2025\/07\/Werkgebied-Zeeland-Screening.png\",\"contentUrl\":\"https:\/\/www.zeelandscreening.nl\/wp-content\/uploads\/2025\/07\/Werkgebied-Zeeland-Screening.png\",\"width\":1024,\"height\":1536},{\"@type\":\"BreadcrumbList\",\"@id\":\"https:\/\/www.zeelandscreening.nl\/es\/nuestros-servicios-productos-y-metodo-de-trabajo\/#breadcrumb\",\"itemListElement\":[{\"@type\":\"ListItem\",\"position\":1,\"name\":\"Home\",\"item\":\"https:\/\/www.zeelandscreening.nl\/es\/\"},{\"@type\":\"ListItem\",\"position\":2,\"name\":\"Nuestros servicios, productos y m\u00e9todo de trabajo\"}]},{\"@type\":\"WebSite\",\"@id\":\"https:\/\/www.zeelandscreening.nl\/es\/#website\",\"url\":\"https:\/\/www.zeelandscreening.nl\/es\/\",\"name\":\"Zeeland Screening\",\"description\":\"\",\"potentialAction\":[{\"@type\":\"SearchAction\",\"target\":{\"@type\":\"EntryPoint\",\"urlTemplate\":\"https:\/\/www.zeelandscreening.nl\/es\/?s={search_term_string}\"},\"query-input\":{\"@type\":\"PropertyValueSpecification\",\"valueRequired\":true,\"valueName\":\"search_term_string\"}}],\"inLanguage\":\"es\"}]}<\/script>\n<!-- \/ Yoast SEO plugin. -->","yoast_head_json":{"title":"Nuestros servicios, productos y m\u00e9todo de trabajo - Zeeland Screening","robots":{"index":"index","follow":"follow","max-snippet":"max-snippet:-1","max-image-preview":"max-image-preview:large","max-video-preview":"max-video-preview:-1"},"canonical":"https:\/\/www.zeelandscreening.nl\/es\/nuestros-servicios-productos-y-metodo-de-trabajo\/","og_locale":"es_ES","og_type":"article","og_title":"Nuestros servicios, productos y m\u00e9todo de trabajo - Zeeland Screening","og_description":"\u00c1mbito de trabajo Operamos en el Benelux, Francia, Espa\u00f1a, Portugal y el Reino Unido. Las instalaciones m\u00f3viles y nuestra flexibilidad nos permiten prestar servicios eficientes en distintos lugares de Europa occidental. Qu\u00e9 hacemos Manejo de graneles en el lugar Reacondicionamiento de lotes da\u00f1ados Mezcla de productos a granel Cribado (de 000 \u00b5m a 400 mm) [&hellip;]","og_url":"https:\/\/www.zeelandscreening.nl\/es\/nuestros-servicios-productos-y-metodo-de-trabajo\/","og_site_name":"Zeeland Screening","article_modified_time":"2025-11-07T07:39:22+00:00","og_image":[{"width":1024,"height":1536,"url":"https:\/\/www.zeelandscreening.nl\/wp-content\/uploads\/2025\/07\/Werkgebied-Zeeland-Screening.png","type":"image\/png"}],"twitter_card":"summary_large_image","twitter_misc":{"Tiempo de lectura":"2 minutos"},"schema":{"@context":"https:\/\/schema.org","@graph":[{"@type":"WebPage","@id":"https:\/\/www.zeelandscreening.nl\/es\/nuestros-servicios-productos-y-metodo-de-trabajo\/","url":"https:\/\/www.zeelandscreening.nl\/es\/nuestros-servicios-productos-y-metodo-de-trabajo\/","name":"Nuestros servicios, productos y m\u00e9todo de trabajo - Zeeland Screening","isPartOf":{"@id":"https:\/\/www.zeelandscreening.nl\/es\/#website"},"primaryImageOfPage":{"@id":"https:\/\/www.zeelandscreening.nl\/es\/nuestros-servicios-productos-y-metodo-de-trabajo\/#primaryimage"},"image":{"@id":"https:\/\/www.zeelandscreening.nl\/es\/nuestros-servicios-productos-y-metodo-de-trabajo\/#primaryimage"},"thumbnailUrl":"https:\/\/www.zeelandscreening.nl\/wp-content\/uploads\/2025\/07\/Werkgebied-Zeeland-Screening.png","datePublished":"2024-08-20T11:26:46+00:00","dateModified":"2025-11-07T07:39:22+00:00","breadcrumb":{"@id":"https:\/\/www.zeelandscreening.nl\/es\/nuestros-servicios-productos-y-metodo-de-trabajo\/#breadcrumb"},"inLanguage":"es","potentialAction":[{"@type":"ReadAction","target":["https:\/\/www.zeelandscreening.nl\/es\/nuestros-servicios-productos-y-metodo-de-trabajo\/"]}]},{"@type":"ImageObject","inLanguage":"es","@id":"https:\/\/www.zeelandscreening.nl\/es\/nuestros-servicios-productos-y-metodo-de-trabajo\/#primaryimage","url":"https:\/\/www.zeelandscreening.nl\/wp-content\/uploads\/2025\/07\/Werkgebied-Zeeland-Screening.png","contentUrl":"https:\/\/www.zeelandscreening.nl\/wp-content\/uploads\/2025\/07\/Werkgebied-Zeeland-Screening.png","width":1024,"height":1536},{"@type":"BreadcrumbList","@id":"https:\/\/www.zeelandscreening.nl\/es\/nuestros-servicios-productos-y-metodo-de-trabajo\/#breadcrumb","itemListElement":[{"@type":"ListItem","position":1,"name":"Home","item":"https:\/\/www.zeelandscreening.nl\/es\/"},{"@type":"ListItem","position":2,"name":"Nuestros servicios, productos y m\u00e9todo de trabajo"}]},{"@type":"WebSite","@id":"https:\/\/www.zeelandscreening.nl\/es\/#website","url":"https:\/\/www.zeelandscreening.nl\/es\/","name":"Zeeland Screening","description":"","potentialAction":[{"@type":"SearchAction","target":{"@type":"EntryPoint","urlTemplate":"https:\/\/www.zeelandscreening.nl\/es\/?s={search_term_string}"},"query-input":{"@type":"PropertyValueSpecification","valueRequired":true,"valueName":"search_term_string"}}],"inLanguage":"es"}]}},"_links":{"self":[{"href":"https:\/\/www.zeelandscreening.nl\/es\/wp-json\/wp\/v2\/pages\/967","targetHints":{"allow":["GET"]}}],"collection":[{"href":"https:\/\/www.zeelandscreening.nl\/es\/wp-json\/wp\/v2\/pages"}],"about":[{"href":"https:\/\/www.zeelandscreening.nl\/es\/wp-json\/wp\/v2\/types\/page"}],"author":[{"embeddable":true,"href":"https:\/\/www.zeelandscreening.nl\/es\/wp-json\/wp\/v2\/users\/2"}],"replies":[{"embeddable":true,"href":"https:\/\/www.zeelandscreening.nl\/es\/wp-json\/wp\/v2\/comments?post=967"}],"version-history":[{"count":3,"href":"https:\/\/www.zeelandscreening.nl\/es\/wp-json\/wp\/v2\/pages\/967\/revisions"}],"predecessor-version":[{"id":1187,"href":"https:\/\/www.zeelandscreening.nl\/es\/wp-json\/wp\/v2\/pages\/967\/revisions\/1187"}],"wp:featuredmedia":[{"embeddable":true,"href":"https:\/\/www.zeelandscreening.nl\/es\/wp-json\/wp\/v2\/media\/840"}],"wp:attachment":[{"href":"https:\/\/www.zeelandscreening.nl\/es\/wp-json\/wp\/v2\/media?parent=967"}],"curies":[{"name":"wp","href":"https:\/\/api.w.org\/{rel}","templated":true}]}}