{"id":870,"date":"2019-03-08T08:08:09","date_gmt":"2019-03-08T08:08:09","guid":{"rendered":"https:\/\/www.zeelandscreening.nl\/home\/"},"modified":"2026-02-09T09:23:19","modified_gmt":"2026-02-09T09:23:19","slug":"home","status":"publish","type":"page","link":"https:\/\/www.zeelandscreening.nl\/es\/","title":{"rendered":"P\u00e1gina de inicio"},"content":{"rendered":"<h1><strong>Tu socio en el reacondicionamiento de mercanc\u00edas a granel.<\/strong><\/h1>\n<p>Desde su fundaci\u00f3n en septiembre de 2021, Zeeland Screening B.V. se ha convertido en especialista en cribar, procesar y transportar mercanc\u00edas a granel. Tratamos una amplia gama de materiales, desde corrientes org\u00e1nicas hasta productos minerales e industriales como pellets de madera, escollera, fertilizantes, chatarra, fosfato, escorias, escombros, asfalto y productos aprobados por GMP. Para casi cualquier tipo de granel ofrecemos un enfoque fiable y eficiente. Nuestro m\u00e9todo es vers\u00e1til y t\u00e9cnicamente bien pensado. Realizamos operaciones como cribado con diferentes mallas, ensacado, separaci\u00f3n o mezcla de flujos y tratamientos adicionales como lavado, enfriado o recubrimiento. Tambi\u00e9n empleamos t\u00e9cnicas como separaci\u00f3n por aire e imanes potentes seg\u00fan el material y el resultado deseado, mejorando la calidad y reduciendo residuos.<\/p>\n<p>&nbsp;<\/p>\n<h2>Soluciones a medida para lotes da\u00f1ados<\/h2>\n<p>Adem\u00e1s de proyectos est\u00e1ndar, gestionamos lotes da\u00f1ados desde el diagn\u00f3stico hasta la ejecuci\u00f3n. Coordinamos personal, equipos y controles de calidad independientes para que la carga sea apta de nuevo para uso o venta. Ofrecemos precios fijos por tonelada para una transparencia total.<\/p>\n<p>&nbsp;<\/p>\n<h2>Conservar materias primas, reducir el impacto<\/h2>\n<p>Extraemos contaminantes de la carga para que las materias primas sigan siendo utilizables, ayudando as\u00ed a nuestros clientes a reducir residuos y su huella ecol\u00f3gica.<\/p>\n<p>&nbsp;<\/p>\n<h2>Equipos flexibles, uso inteligente<\/h2>\n<p>Nuestras instalaciones m\u00f3viles cuentan con una amplia gama de m\u00e1quinas: cribas, cintas, cargadoras y potentes imanes. Parte de la flota funciona el\u00e9ctricamente, reduciendo las emisiones de CO\u2082 y mejorando la seguridad y ergonom\u00eda. Elegimos soluciones el\u00e9ctricas siempre que es posible.<\/p>\n<p>&nbsp;<\/p>\n<h2>Eficiencia en movimiento<\/h2>\n<p>Integrar cintas transportadoras detr\u00e1s de nuestras cribas minimiza el transporte interno con maquinaria pesada. Este dise\u00f1o eficiente reduce el consumo de combustible, las emisiones y los da\u00f1os, y mezcla homog\u00e9neamente el material.<\/p>\n<p>&nbsp;<\/p>\n<h2>La seguridad es esencial<\/h2>\n<p>La seguridad es un pilar en Zeeland Screening. Trabajamos conforme a nuestro certificado VCA y ofrecemos formaci\u00f3n continua para garantizar un entorno laboral seguro y profesional.<\/p>\n","protected":false},"excerpt":{"rendered":"<p>Tu socio en el reacondicionamiento de mercanc\u00edas a granel. Desde su fundaci\u00f3n en septiembre de 2021, Zeeland Screening B.V. se ha convertido en especialista en cribar, procesar y transportar mercanc\u00edas a granel. Tratamos una amplia gama de materiales, desde corrientes org\u00e1nicas hasta productos minerales e industriales como pellets de madera, escollera, fertilizantes, chatarra, fosfato, escorias, [&hellip;]<\/p>\n","protected":false},"author":1,"featured_media":564,"parent":0,"menu_order":0,"comment_status":"closed","ping_status":"closed","template":"","meta":{"_acf_changed":false,"footnotes":""},"class_list":["post-870","page","type-page","status-publish","has-post-thumbnail","hentry"],"acf":[],"yoast_head":"<!-- This site is optimized with the Yoast SEO plugin v26.3 - https:\/\/yoast.com\/wordpress\/plugins\/seo\/ -->\n<title>Welkom bij Zeeland Screening<\/title>\n<meta name=\"description\" content=\"Zeeland Screening | Uw partner voor het screenen (zeven + zuiveren) van alle bulkgoederen.\" \/>\n<meta name=\"robots\" content=\"index, follow, max-snippet:-1, max-image-preview:large, max-video-preview:-1\" \/>\n<link rel=\"canonical\" href=\"https:\/\/www.zeelandscreening.nl\/es\/\" \/>\n<meta property=\"og:locale\" content=\"es_ES\" \/>\n<meta property=\"og:type\" content=\"article\" \/>\n<meta property=\"og:title\" content=\"Welkom bij Zeeland Screening\" \/>\n<meta property=\"og:description\" content=\"Zeeland Screening | Uw partner voor het screenen (zeven + zuiveren) van alle bulkgoederen.\" \/>\n<meta property=\"og:url\" content=\"https:\/\/www.zeelandscreening.nl\/es\/\" \/>\n<meta property=\"og:site_name\" content=\"Zeeland Screening\" \/>\n<meta property=\"article:modified_time\" content=\"2026-02-09T09:23:19+00:00\" \/>\n<meta property=\"og:image\" content=\"https:\/\/www.zeelandscreening.nl\/wp-content\/uploads\/2024\/08\/berg-1.jpg\" \/>\n\t<meta property=\"og:image:width\" content=\"1200\" \/>\n\t<meta property=\"og:image:height\" content=\"1600\" \/>\n\t<meta property=\"og:image:type\" content=\"image\/jpeg\" \/>\n<meta name=\"twitter:card\" content=\"summary_large_image\" \/>\n<meta name=\"twitter:label1\" content=\"Tiempo de lectura\" \/>\n\t<meta name=\"twitter:data1\" content=\"2 minutos\" \/>\n<script type=\"application\/ld+json\" class=\"yoast-schema-graph\">{\"@context\":\"https:\/\/schema.org\",\"@graph\":[{\"@type\":\"WebPage\",\"@id\":\"https:\/\/www.zeelandscreening.nl\/es\/\",\"url\":\"https:\/\/www.zeelandscreening.nl\/es\/\",\"name\":\"Welkom bij Zeeland Screening\",\"isPartOf\":{\"@id\":\"https:\/\/www.zeelandscreening.nl\/es\/#website\"},\"primaryImageOfPage\":{\"@id\":\"https:\/\/www.zeelandscreening.nl\/es\/#primaryimage\"},\"image\":{\"@id\":\"https:\/\/www.zeelandscreening.nl\/es\/#primaryimage\"},\"thumbnailUrl\":\"https:\/\/www.zeelandscreening.nl\/wp-content\/uploads\/2024\/08\/berg-1.jpg\",\"datePublished\":\"2019-03-08T08:08:09+00:00\",\"dateModified\":\"2026-02-09T09:23:19+00:00\",\"description\":\"Zeeland Screening | Uw partner voor het screenen (zeven + zuiveren) van alle bulkgoederen.\",\"breadcrumb\":{\"@id\":\"https:\/\/www.zeelandscreening.nl\/es\/#breadcrumb\"},\"inLanguage\":\"es\",\"potentialAction\":[{\"@type\":\"ReadAction\",\"target\":[\"https:\/\/www.zeelandscreening.nl\/es\/\"]}]},{\"@type\":\"ImageObject\",\"inLanguage\":\"es\",\"@id\":\"https:\/\/www.zeelandscreening.nl\/es\/#primaryimage\",\"url\":\"https:\/\/www.zeelandscreening.nl\/wp-content\/uploads\/2024\/08\/berg-1.jpg\",\"contentUrl\":\"https:\/\/www.zeelandscreening.nl\/wp-content\/uploads\/2024\/08\/berg-1.jpg\",\"width\":1200,\"height\":1600},{\"@type\":\"BreadcrumbList\",\"@id\":\"https:\/\/www.zeelandscreening.nl\/es\/#breadcrumb\",\"itemListElement\":[{\"@type\":\"ListItem\",\"position\":1,\"name\":\"Home\",\"item\":\"https:\/\/www.zeelandscreening.nl\/es\/\"},{\"@type\":\"ListItem\",\"position\":2,\"name\":\"P\u00e1gina de inicio\"}]},{\"@type\":\"WebSite\",\"@id\":\"https:\/\/www.zeelandscreening.nl\/es\/#website\",\"url\":\"https:\/\/www.zeelandscreening.nl\/es\/\",\"name\":\"Zeeland Screening\",\"description\":\"\",\"potentialAction\":[{\"@type\":\"SearchAction\",\"target\":{\"@type\":\"EntryPoint\",\"urlTemplate\":\"https:\/\/www.zeelandscreening.nl\/es\/?s={search_term_string}\"},\"query-input\":{\"@type\":\"PropertyValueSpecification\",\"valueRequired\":true,\"valueName\":\"search_term_string\"}}],\"inLanguage\":\"es\"}]}<\/script>\n<!-- \/ Yoast SEO plugin. -->","yoast_head_json":{"title":"Welkom bij Zeeland Screening","description":"Zeeland Screening | Uw partner voor het screenen (zeven + zuiveren) van alle bulkgoederen.","robots":{"index":"index","follow":"follow","max-snippet":"max-snippet:-1","max-image-preview":"max-image-preview:large","max-video-preview":"max-video-preview:-1"},"canonical":"https:\/\/www.zeelandscreening.nl\/es\/","og_locale":"es_ES","og_type":"article","og_title":"Welkom bij Zeeland Screening","og_description":"Zeeland Screening | Uw partner voor het screenen (zeven + zuiveren) van alle bulkgoederen.","og_url":"https:\/\/www.zeelandscreening.nl\/es\/","og_site_name":"Zeeland Screening","article_modified_time":"2026-02-09T09:23:19+00:00","og_image":[{"width":1200,"height":1600,"url":"https:\/\/www.zeelandscreening.nl\/wp-content\/uploads\/2024\/08\/berg-1.jpg","type":"image\/jpeg"}],"twitter_card":"summary_large_image","twitter_misc":{"Tiempo de lectura":"2 minutos"},"schema":{"@context":"https:\/\/schema.org","@graph":[{"@type":"WebPage","@id":"https:\/\/www.zeelandscreening.nl\/es\/","url":"https:\/\/www.zeelandscreening.nl\/es\/","name":"Welkom bij Zeeland Screening","isPartOf":{"@id":"https:\/\/www.zeelandscreening.nl\/es\/#website"},"primaryImageOfPage":{"@id":"https:\/\/www.zeelandscreening.nl\/es\/#primaryimage"},"image":{"@id":"https:\/\/www.zeelandscreening.nl\/es\/#primaryimage"},"thumbnailUrl":"https:\/\/www.zeelandscreening.nl\/wp-content\/uploads\/2024\/08\/berg-1.jpg","datePublished":"2019-03-08T08:08:09+00:00","dateModified":"2026-02-09T09:23:19+00:00","description":"Zeeland Screening | Uw partner voor het screenen (zeven + zuiveren) van alle bulkgoederen.","breadcrumb":{"@id":"https:\/\/www.zeelandscreening.nl\/es\/#breadcrumb"},"inLanguage":"es","potentialAction":[{"@type":"ReadAction","target":["https:\/\/www.zeelandscreening.nl\/es\/"]}]},{"@type":"ImageObject","inLanguage":"es","@id":"https:\/\/www.zeelandscreening.nl\/es\/#primaryimage","url":"https:\/\/www.zeelandscreening.nl\/wp-content\/uploads\/2024\/08\/berg-1.jpg","contentUrl":"https:\/\/www.zeelandscreening.nl\/wp-content\/uploads\/2024\/08\/berg-1.jpg","width":1200,"height":1600},{"@type":"BreadcrumbList","@id":"https:\/\/www.zeelandscreening.nl\/es\/#breadcrumb","itemListElement":[{"@type":"ListItem","position":1,"name":"Home","item":"https:\/\/www.zeelandscreening.nl\/es\/"},{"@type":"ListItem","position":2,"name":"P\u00e1gina de inicio"}]},{"@type":"WebSite","@id":"https:\/\/www.zeelandscreening.nl\/es\/#website","url":"https:\/\/www.zeelandscreening.nl\/es\/","name":"Zeeland Screening","description":"","potentialAction":[{"@type":"SearchAction","target":{"@type":"EntryPoint","urlTemplate":"https:\/\/www.zeelandscreening.nl\/es\/?s={search_term_string}"},"query-input":{"@type":"PropertyValueSpecification","valueRequired":true,"valueName":"search_term_string"}}],"inLanguage":"es"}]}},"_links":{"self":[{"href":"https:\/\/www.zeelandscreening.nl\/es\/wp-json\/wp\/v2\/pages\/870","targetHints":{"allow":["GET"]}}],"collection":[{"href":"https:\/\/www.zeelandscreening.nl\/es\/wp-json\/wp\/v2\/pages"}],"about":[{"href":"https:\/\/www.zeelandscreening.nl\/es\/wp-json\/wp\/v2\/types\/page"}],"author":[{"embeddable":true,"href":"https:\/\/www.zeelandscreening.nl\/es\/wp-json\/wp\/v2\/users\/1"}],"replies":[{"embeddable":true,"href":"https:\/\/www.zeelandscreening.nl\/es\/wp-json\/wp\/v2\/comments?post=870"}],"version-history":[{"count":5,"href":"https:\/\/www.zeelandscreening.nl\/es\/wp-json\/wp\/v2\/pages\/870\/revisions"}],"predecessor-version":[{"id":1277,"href":"https:\/\/www.zeelandscreening.nl\/es\/wp-json\/wp\/v2\/pages\/870\/revisions\/1277"}],"wp:featuredmedia":[{"embeddable":true,"href":"https:\/\/www.zeelandscreening.nl\/es\/wp-json\/wp\/v2\/media\/564"}],"wp:attachment":[{"href":"https:\/\/www.zeelandscreening.nl\/es\/wp-json\/wp\/v2\/media?parent=870"}],"curies":[{"name":"wp","href":"https:\/\/api.w.org\/{rel}","templated":true}]}}