{"id":1004,"date":"2019-03-08T08:09:03","date_gmt":"2019-03-08T08:09:03","guid":{"rendered":"https:\/\/www.zeelandscreening.nl\/?page_id=1004"},"modified":"2025-11-06T10:50:37","modified_gmt":"2025-11-06T10:50:37","slug":"declaracion-de-privacidad","status":"publish","type":"page","link":"https:\/\/www.zeelandscreening.nl\/es\/declaracion-de-privacidad\/","title":{"rendered":"Declaraci\u00f3n de privacidad"},"content":{"rendered":"<h1>Declaraci\u00f3n de privacidad<\/h1>\n<p>Estimado visitante, nos alegra que visite nuestro sitio web y que nos facilite informaci\u00f3n a trav\u00e9s del formulario de contacto, registro y\/o pedido. Nos gustar\u00eda mostrarle que tratamos sus datos con cuidado.<\/p>\n<p><strong>Qui\u00e9nes somos? <\/strong>Zeeland Screening B.V., con domicilio en Lange Reksestraat 16, 4538 AZ Terneuzen, es responsable del tratamiento de datos personales. Nuestros datos de contacto: Zeeland Screening B.V.,<\/p>\n<p>Lange Reksestraat 16, 4538 AZ Terneuzen, n\u00famero de tel\u00e9fono +31 (0)85 130 6898, correo electr\u00f3nico <a href=\"mailto:info@zeelandscreening.nl\">info@zeelandscreening.nl,<\/a> n\u00famero de la C\u00e1mara de Comercio 83826351, n\u00famero de IVA NL863002195B01, RSIN 863002195.<\/p>\n<p><strong>Por qu\u00e9 recopilamos datos personales? <\/strong>Zeeland Screening B.V. procesa sus datos personales porque utiliza nuestros servicios y\/o porque usted nos los proporciona. Procesamos, entre otros: nombre y apellidos, datos de direcci\u00f3n, c\u00f3digo postal, localidad, n\u00famero de tel\u00e9fono m\u00f3vil, n\u00famero de tel\u00e9fono, direcci\u00f3n de correo electr\u00f3nico, otros datos personales que usted proporciona activamente (por ejemplo al crear un perfil, en correspondencia o por tel\u00e9fono), datos sobre sus actividades en nuestro sitio web y tipo de navegador y dispositivo.<\/p>\n<p><strong>Con qu\u00e9 finalidad y sobre qu\u00e9 base procesamos datos personales? <\/strong>Zeeland Screening B.V. procesa sus datos personales para los siguientes fines: gestionar su pago y\/o ejecutar el contrato; entregar bienes y\/o servicios; enviar nuestro bolet\u00edn; poder llamarle o enviarle un correo electr\u00f3nico cuando sea necesario para prestar nuestros servicios. Zeeland Screening B.V. tambi\u00e9n procesa datos personales si estamos legalmente obligados a hacerlo.<\/p>\n<p>&nbsp;<\/p>\n<h4>Sus datos se utilizan para la toma de decisiones automatizadas (como la elaboraci\u00f3n de perfiles)?No, no lo hacemos.<\/h4>\n<p>&nbsp;<\/p>\n<p><strong>Cu\u00e1nto tiempo conservamos los datos personales? <\/strong>Sus datos personales se conservan durante el tiempo que sea necesario para la ejecuci\u00f3n de un contrato y\/o intermediaci\u00f3n, cumpliendo los plazos legales. Cuando no hay contrato ni intermediaci\u00f3n, conservamos sus datos durante ocho semanas y luego los eliminamos.<\/p>\n<p>&nbsp;<\/p>\n<p><strong>Compartimos datos personales con terceros? <\/strong>Zeeland Screening B.V. solo proporciona datos a terceros si esto es necesario para ejecutar nuestro acuerdo con usted o para cumplir una obligaci\u00f3n legal.<\/p>\n<p>&nbsp;<\/p>\n<p><strong>Sus datos personales se procesan tambi\u00e9n fuera de la UE? <\/strong>No, procesamos sus datos personales \u00fanicamente dentro de la UE y, en la medida de lo posible, en los Pa\u00edses Bajos.<\/p>\n<p>&nbsp;<\/p>\n<p><strong>Cookies <\/strong>Utilizamos cookies. Una cookie es un archivo que nuestro sitio web (servidor) coloca en su ordenador, tableta o tel\u00e9fono cuando visita este sitio. Al continuar la visita, hacer clic en enlaces o secciones o navegar de cualquier otra manera en este sitio, usted da su consentimiento activo para la colocaci\u00f3n de cookies para los fines establecidos en esta pol\u00edtica de privacidad. Si no est\u00e1 de acuerdo, puede eliminar las cookies de su navegador o configurar su navegador para que no acepte cookies autom\u00e1ticamente. Dependiendo de la configuraci\u00f3n de su navegador, nuestro sitio puede funcionar menos bien. Por lo tanto, le aconsejamos dejar las cookies activadas para aprovechar al m\u00e1ximo nuestro sitio.<\/p>\n<p>&nbsp;<\/p>\n<h4>Qu\u00e9 cookies utiliza este sitio?<\/h4>\n<p><strong>\u00a0<\/strong><\/p>\n<ul>\n<li><strong>Cookies funcionales <\/strong>\u2013 Estas cookies facilitan el uso de partes de nuestros sitios web, por ejemplo, para que no tenga que rellenar o hacer clic en lo mismo una y otra vez. Se reconocen por el nombre PHPSESSID.<\/li>\n<li><strong>Cookies anal\u00edticas <\/strong>\u2013 Google Analytics: estas cookies se reconocen por los nombres _ga, _gat,_utma, _utmb, _utmc, _utmv o _utmz. Puede consultar la pol\u00edtica de privacidad de Google en https:\/\/<a href=\"http:\/\/www.google.com\/policies\/privacy\/\">www.google.com\/policies\/privacy\/.<\/a><\/li>\n<\/ul>\n<p>&nbsp;<\/p>\n<p><strong>Derechos de acceso, rectificaci\u00f3n, eliminaci\u00f3n y otros derechos <\/strong>Puede ponerse en contacto con nosotros a trav\u00e9s de <a href=\"mailto:info@zeelandscreening.nl\">info@zeelandscreening.nl.<\/a> Responderemos a su solicitud dentro del plazo legal de 30 d\u00edas. Para presentar una queja puede dirigirse a la Autoridad Holandesa de Protecci\u00f3n de Datosen https:\/\/autoriteitpersoonsgegevens.nl. Para verificar su identidad le pedimos que adjunte una copia de su documento de identidad, ocultando su foto, la MRZ, el n\u00famero de pasaporte y el BSN.<\/p>\n<p>&nbsp;<\/p>\n<p><strong>C\u00f3mo protegemos los datos personales <\/strong>Zeeland Screening B.V. se toma muy en serio la protecci\u00f3n de sus datos y adopta medidas t\u00e9cnicas y organizativas adecuadas para evitar el abuso, la p\u00e9rdida, el acceso no autorizado, la divulgaci\u00f3n no deseada y la modificaci\u00f3n no autorizada. Si considera que sus datos no est\u00e1n debidamente protegidos o hay indicios de uso indebido, p\u00f3ngase en contactocon <a href=\"mailto:info@zeelandscreening.nl\">info@zeelandscreening.nl.<\/a><\/p>\n","protected":false},"excerpt":{"rendered":"<p>Declaraci\u00f3n de privacidad Estimado visitante, nos alegra que visite nuestro sitio web y que nos facilite informaci\u00f3n a trav\u00e9s del formulario de contacto, registro y\/o pedido. Nos gustar\u00eda mostrarle que tratamos sus datos con cuidado. Qui\u00e9nes somos? Zeeland Screening B.V., con domicilio en Lange Reksestraat 16, 4538 AZ Terneuzen, es responsable del tratamiento de datos [&hellip;]<\/p>\n","protected":false},"author":2,"featured_media":0,"parent":0,"menu_order":0,"comment_status":"closed","ping_status":"closed","template":"","meta":{"_acf_changed":false,"footnotes":""},"class_list":["post-1004","page","type-page","status-publish","hentry"],"acf":[],"yoast_head":"<!-- This site is optimized with the Yoast SEO plugin v26.3 - https:\/\/yoast.com\/wordpress\/plugins\/seo\/ -->\n<title>Declaraci\u00f3n de privacidad - Zeeland Screening<\/title>\n<meta name=\"robots\" content=\"index, follow, max-snippet:-1, max-image-preview:large, max-video-preview:-1\" \/>\n<link rel=\"canonical\" href=\"https:\/\/www.zeelandscreening.nl\/es\/declaracion-de-privacidad\/\" \/>\n<meta property=\"og:locale\" content=\"es_ES\" \/>\n<meta property=\"og:type\" content=\"article\" \/>\n<meta property=\"og:title\" content=\"Declaraci\u00f3n de privacidad - Zeeland Screening\" \/>\n<meta property=\"og:description\" content=\"Declaraci\u00f3n de privacidad Estimado visitante, nos alegra que visite nuestro sitio web y que nos facilite informaci\u00f3n a trav\u00e9s del formulario de contacto, registro y\/o pedido. Nos gustar\u00eda mostrarle que tratamos sus datos con cuidado. Qui\u00e9nes somos? Zeeland Screening B.V., con domicilio en Lange Reksestraat 16, 4538 AZ Terneuzen, es responsable del tratamiento de datos [&hellip;]\" \/>\n<meta property=\"og:url\" content=\"https:\/\/www.zeelandscreening.nl\/es\/declaracion-de-privacidad\/\" \/>\n<meta property=\"og:site_name\" content=\"Zeeland Screening\" \/>\n<meta property=\"article:modified_time\" content=\"2025-11-06T10:50:37+00:00\" \/>\n<meta name=\"twitter:card\" content=\"summary_large_image\" \/>\n<meta name=\"twitter:label1\" content=\"Tiempo de lectura\" \/>\n\t<meta name=\"twitter:data1\" content=\"4 minutos\" \/>\n<script type=\"application\/ld+json\" class=\"yoast-schema-graph\">{\"@context\":\"https:\/\/schema.org\",\"@graph\":[{\"@type\":\"WebPage\",\"@id\":\"https:\/\/www.zeelandscreening.nl\/es\/declaracion-de-privacidad\/\",\"url\":\"https:\/\/www.zeelandscreening.nl\/es\/declaracion-de-privacidad\/\",\"name\":\"Declaraci\u00f3n de privacidad - Zeeland Screening\",\"isPartOf\":{\"@id\":\"https:\/\/www.zeelandscreening.nl\/es\/#website\"},\"datePublished\":\"2019-03-08T08:09:03+00:00\",\"dateModified\":\"2025-11-06T10:50:37+00:00\",\"breadcrumb\":{\"@id\":\"https:\/\/www.zeelandscreening.nl\/es\/declaracion-de-privacidad\/#breadcrumb\"},\"inLanguage\":\"es\",\"potentialAction\":[{\"@type\":\"ReadAction\",\"target\":[\"https:\/\/www.zeelandscreening.nl\/es\/declaracion-de-privacidad\/\"]}]},{\"@type\":\"BreadcrumbList\",\"@id\":\"https:\/\/www.zeelandscreening.nl\/es\/declaracion-de-privacidad\/#breadcrumb\",\"itemListElement\":[{\"@type\":\"ListItem\",\"position\":1,\"name\":\"Home\",\"item\":\"https:\/\/www.zeelandscreening.nl\/es\/\"},{\"@type\":\"ListItem\",\"position\":2,\"name\":\"Declaraci\u00f3n de privacidad\"}]},{\"@type\":\"WebSite\",\"@id\":\"https:\/\/www.zeelandscreening.nl\/es\/#website\",\"url\":\"https:\/\/www.zeelandscreening.nl\/es\/\",\"name\":\"Zeeland Screening\",\"description\":\"\",\"potentialAction\":[{\"@type\":\"SearchAction\",\"target\":{\"@type\":\"EntryPoint\",\"urlTemplate\":\"https:\/\/www.zeelandscreening.nl\/es\/?s={search_term_string}\"},\"query-input\":{\"@type\":\"PropertyValueSpecification\",\"valueRequired\":true,\"valueName\":\"search_term_string\"}}],\"inLanguage\":\"es\"}]}<\/script>\n<!-- \/ Yoast SEO plugin. -->","yoast_head_json":{"title":"Declaraci\u00f3n de privacidad - Zeeland Screening","robots":{"index":"index","follow":"follow","max-snippet":"max-snippet:-1","max-image-preview":"max-image-preview:large","max-video-preview":"max-video-preview:-1"},"canonical":"https:\/\/www.zeelandscreening.nl\/es\/declaracion-de-privacidad\/","og_locale":"es_ES","og_type":"article","og_title":"Declaraci\u00f3n de privacidad - Zeeland Screening","og_description":"Declaraci\u00f3n de privacidad Estimado visitante, nos alegra que visite nuestro sitio web y que nos facilite informaci\u00f3n a trav\u00e9s del formulario de contacto, registro y\/o pedido. Nos gustar\u00eda mostrarle que tratamos sus datos con cuidado. Qui\u00e9nes somos? Zeeland Screening B.V., con domicilio en Lange Reksestraat 16, 4538 AZ Terneuzen, es responsable del tratamiento de datos [&hellip;]","og_url":"https:\/\/www.zeelandscreening.nl\/es\/declaracion-de-privacidad\/","og_site_name":"Zeeland Screening","article_modified_time":"2025-11-06T10:50:37+00:00","twitter_card":"summary_large_image","twitter_misc":{"Tiempo de lectura":"4 minutos"},"schema":{"@context":"https:\/\/schema.org","@graph":[{"@type":"WebPage","@id":"https:\/\/www.zeelandscreening.nl\/es\/declaracion-de-privacidad\/","url":"https:\/\/www.zeelandscreening.nl\/es\/declaracion-de-privacidad\/","name":"Declaraci\u00f3n de privacidad - Zeeland Screening","isPartOf":{"@id":"https:\/\/www.zeelandscreening.nl\/es\/#website"},"datePublished":"2019-03-08T08:09:03+00:00","dateModified":"2025-11-06T10:50:37+00:00","breadcrumb":{"@id":"https:\/\/www.zeelandscreening.nl\/es\/declaracion-de-privacidad\/#breadcrumb"},"inLanguage":"es","potentialAction":[{"@type":"ReadAction","target":["https:\/\/www.zeelandscreening.nl\/es\/declaracion-de-privacidad\/"]}]},{"@type":"BreadcrumbList","@id":"https:\/\/www.zeelandscreening.nl\/es\/declaracion-de-privacidad\/#breadcrumb","itemListElement":[{"@type":"ListItem","position":1,"name":"Home","item":"https:\/\/www.zeelandscreening.nl\/es\/"},{"@type":"ListItem","position":2,"name":"Declaraci\u00f3n de privacidad"}]},{"@type":"WebSite","@id":"https:\/\/www.zeelandscreening.nl\/es\/#website","url":"https:\/\/www.zeelandscreening.nl\/es\/","name":"Zeeland Screening","description":"","potentialAction":[{"@type":"SearchAction","target":{"@type":"EntryPoint","urlTemplate":"https:\/\/www.zeelandscreening.nl\/es\/?s={search_term_string}"},"query-input":{"@type":"PropertyValueSpecification","valueRequired":true,"valueName":"search_term_string"}}],"inLanguage":"es"}]}},"_links":{"self":[{"href":"https:\/\/www.zeelandscreening.nl\/es\/wp-json\/wp\/v2\/pages\/1004","targetHints":{"allow":["GET"]}}],"collection":[{"href":"https:\/\/www.zeelandscreening.nl\/es\/wp-json\/wp\/v2\/pages"}],"about":[{"href":"https:\/\/www.zeelandscreening.nl\/es\/wp-json\/wp\/v2\/types\/page"}],"author":[{"embeddable":true,"href":"https:\/\/www.zeelandscreening.nl\/es\/wp-json\/wp\/v2\/users\/2"}],"replies":[{"embeddable":true,"href":"https:\/\/www.zeelandscreening.nl\/es\/wp-json\/wp\/v2\/comments?post=1004"}],"version-history":[{"count":2,"href":"https:\/\/www.zeelandscreening.nl\/es\/wp-json\/wp\/v2\/pages\/1004\/revisions"}],"predecessor-version":[{"id":1007,"href":"https:\/\/www.zeelandscreening.nl\/es\/wp-json\/wp\/v2\/pages\/1004\/revisions\/1007"}],"wp:attachment":[{"href":"https:\/\/www.zeelandscreening.nl\/es\/wp-json\/wp\/v2\/media?parent=1004"}],"curies":[{"name":"wp","href":"https:\/\/api.w.org\/{rel}","templated":true}]}}